{"id":81297,"date":"2022-08-23T09:31:12","date_gmt":"2022-08-23T13:31:12","guid":{"rendered":"https:\/\/ideascale.com\/doi\/"},"modified":"2024-06-02T08:06:41","modified_gmt":"2024-06-02T12:06:41","slug":"doi","status":"publish","type":"page","link":"https:\/\/ideascale.com\/vi\/doi\/","title":{"rendered":"\u0110\u1ed9i"},"content":{"rendered":"<p><div class=\"fusion-fullwidth fullwidth-box fusion-builder-row-1 fusion-flex-container nonhundred-percent-fullwidth non-hundred-percent-height-scrolling\" style=\"--awb-border-radius-top-left:0px;--awb-border-radius-top-right:0px;--awb-border-radius-bottom-right:0px;--awb-border-radius-bottom-left:0px;--awb-padding-top:70px;--awb-padding-bottom:70px;--awb-flex-wrap:wrap;\" ><div class=\"fusion-builder-row fusion-row fusion-flex-align-items-flex-start fusion-flex-content-wrap\" style=\"max-width:1248px;margin-left: calc(-4% \/ 2 );margin-right: calc(-4% \/ 2 );\"><div class=\"fusion-layout-column fusion_builder_column fusion-builder-column-0 fusion_builder_column_1_1 1_1 fusion-flex-column fusion-flex-align-self-center\" style=\"--awb-bg-size:cover;--awb-width-large:100%;--awb-margin-top-large:0px;--awb-spacing-right-large:6.72%;--awb-margin-bottom-large:20px;--awb-spacing-left-large:6.72%;--awb-width-medium:100%;--awb-order-medium:0;--awb-spacing-right-medium:6.72%;--awb-spacing-left-medium:6.72%;--awb-width-small:100%;--awb-order-small:0;--awb-spacing-right-small:1.92%;--awb-spacing-left-small:1.92%;\"><div class=\"fusion-column-wrapper fusion-column-has-shadow fusion-flex-justify-content-flex-start fusion-content-layout-block\"><div class=\"fusion-title title fusion-title-1 fusion-sep-none fusion-title-center fusion-title-text fusion-title-size-two\" style=\"--awb-margin-top-small:10px;--awb-margin-right-small:0px;--awb-margin-bottom-small:10px;--awb-margin-left-small:0px;--awb-font-size:var(--awb-typography1-font-size);\"><h2 class=\"fusion-title-heading title-heading-center fusion-responsive-typography-calculated\" style=\"font-family:var(--awb-typography1-font-family);font-weight:var(--awb-typography1-font-weight);font-style:var(--awb-typography1-font-style);margin:0;letter-spacing:var(--awb-typography1-letter-spacing);text-transform:var(--awb-typography1-text-transform);font-size:1em;--fontSize:46;line-height:var(--awb-typography1-line-height);\">Khai th\u00e1c s\u1ee9c m\u1ea1nh \u0111\u1ed5i m\u1edbi c\u1ee7a nh\u00f3m Microsoft c\u1ee7a b\u1ea1n v\u1edbi IdeaScale<\/h2><\/div><div class=\"fusion-text fusion-text-1\" style=\"--awb-text-transform:none;\"><p style=\"text-align: center;\">T\u00ecm ngu\u1ed3n \u00fd t\u01b0\u1edfng t\u1eeb c\u1ed9ng \u0111\u1ed3ng c\u1ee7a b\u1ea1n n\u01a1i h\u1ecd th\u01b0\u1eddng lui t\u1edbi: Microsoft Teams. D\u1ec5 d\u00e0ng th\u00eam s\u1ef1 \u0111\u1ed5i m\u1edbi v\u00e0o ho\u1ea1t \u0111\u1ed9ng c\u1ed9ng t\u00e1c c\u1ee7a b\u1ea1n v\u1edbi T\u00edch h\u1ee3p Microsoft Teams c\u1ee7a IdeaScale<\/p>\n<\/div><div class=\"fusion-aligncenter\"><a class=\"fusion-button button-flat button-large button-custom fusion-button-default button-1 fusion-button-default-span fusion-button-default-type\" style=\"--button_accent_color:#ffffff;--button_accent_hover_color:#ffffff;--button_border_hover_color:var(--awb-custom11);--button_gradient_top_color:var(--awb-color5);--button_gradient_bottom_color:var(--awb-color5);--button_gradient_top_color_hover:var(--awb-custom_color_6);--button_gradient_bottom_color_hover:var(--awb-custom_color_6);--button_margin-top:10px;\" target=\"_blank\" rel=\"noopener noreferrer\" href=\"https:\/\/www.microsoft.com\/en-us\/microsoft-teams\/group-chat-software\"><span class=\"fusion-button-text awb-button__text awb-button__text--default\">Nh\u00f3m Microsoft l\u00e0 g\u00ec?<\/span><\/a><\/div><\/div><\/div><\/div><\/div><div class=\"fusion-fullwidth fullwidth-box fusion-builder-row-2 fusion-flex-container has-pattern-background has-mask-background nonhundred-percent-fullwidth non-hundred-percent-height-scrolling\" style=\"--awb-border-radius-top-left:0px;--awb-border-radius-top-right:0px;--awb-border-radius-bottom-right:0px;--awb-border-radius-bottom-left:0px;--awb-padding-top:80px;--awb-padding-bottom:70px;--awb-background-color:var(--awb-custom14);--awb-flex-wrap:wrap;\" ><div class=\"fusion-builder-row fusion-row fusion-flex-align-items-center fusion-flex-content-wrap\" style=\"max-width:1248px;margin-left: calc(-4% \/ 2 );margin-right: calc(-4% \/ 2 );\"><div class=\"fusion-layout-column fusion_builder_column fusion-builder-column-1 fusion_builder_column_1_2 1_2 fusion-flex-column\" style=\"--awb-bg-size:cover;--awb-width-large:50%;--awb-margin-top-large:0px;--awb-spacing-right-large:3.84%;--awb-margin-bottom-large:20px;--awb-spacing-left-large:3.84%;--awb-width-medium:50%;--awb-order-medium:0;--awb-spacing-right-medium:3.84%;--awb-spacing-left-medium:3.84%;--awb-width-small:100%;--awb-order-small:0;--awb-spacing-right-small:1.92%;--awb-spacing-left-small:1.92%;\"><div class=\"fusion-column-wrapper fusion-column-has-shadow fusion-flex-justify-content-flex-start fusion-content-layout-column\"><div class=\"fusion-image-element \" style=\"--awb-caption-title-font-family:var(--h2_typography-font-family);--awb-caption-title-font-weight:var(--h2_typography-font-weight);--awb-caption-title-font-style:var(--h2_typography-font-style);--awb-caption-title-size:var(--h2_typography-font-size);--awb-caption-title-transform:var(--h2_typography-text-transform);--awb-caption-title-line-height:var(--h2_typography-line-height);--awb-caption-title-letter-spacing:var(--h2_typography-letter-spacing);\"><span class=\" fusion-imageframe imageframe-none imageframe-1 hover-type-none\"><img decoding=\"async\" width=\"1200\" height=\"582\" alt=\"IdeaScale with teams\" title=\"ideascale-with-teams\" src=\"https:\/\/ideascale.com\/wp-content\/uploads\/2022\/08\/ideascale-with-teams.png\" data-orig-src=\"https:\/\/ideascale.com\/wp-content\/uploads\/2022\/08\/ideascale-with-teams.png\" class=\"lazyload img-responsive wp-image-55875\" srcset=\"data:image\/svg+xml,%3Csvg%20xmlns%3D%27http%3A%2F%2Fwww.w3.org%2F2000%2Fsvg%27%20width%3D%271200%27%20height%3D%27582%27%20viewBox%3D%270%200%201200%20582%27%3E%3Crect%20width%3D%271200%27%20height%3D%27582%27%20fill-opacity%3D%220%22%2F%3E%3C%2Fsvg%3E\" data-srcset=\"https:\/\/ideascale.com\/wp-content\/uploads\/2022\/08\/ideascale-with-teams-200x97.png 200w, https:\/\/ideascale.com\/wp-content\/uploads\/2022\/08\/ideascale-with-teams-400x194.png 400w, https:\/\/ideascale.com\/wp-content\/uploads\/2022\/08\/ideascale-with-teams-600x291.png 600w, https:\/\/ideascale.com\/wp-content\/uploads\/2022\/08\/ideascale-with-teams-800x388.png 800w, https:\/\/ideascale.com\/wp-content\/uploads\/2022\/08\/ideascale-with-teams.png 1200w\" data-sizes=\"auto\" data-orig-sizes=\"(max-width: 640px) 100vw, 600px\" \/><\/span><\/div><\/div><\/div><div class=\"fusion-layout-column fusion_builder_column fusion-builder-column-2 fusion_builder_column_1_2 1_2 fusion-flex-column\" style=\"--awb-bg-size:cover;--awb-width-large:50%;--awb-margin-top-large:0px;--awb-spacing-right-large:3.84%;--awb-margin-bottom-large:20px;--awb-spacing-left-large:3.84%;--awb-width-medium:50%;--awb-order-medium:0;--awb-spacing-right-medium:3.84%;--awb-spacing-left-medium:3.84%;--awb-width-small:100%;--awb-order-small:0;--awb-spacing-right-small:1.92%;--awb-spacing-left-small:1.92%;\"><div class=\"fusion-column-wrapper fusion-column-has-shadow fusion-flex-justify-content-flex-start fusion-content-layout-column\"><div class=\"fusion-title title fusion-title-2 fusion-sep-none fusion-title-text fusion-title-size-two\" style=\"--awb-margin-top-small:10px;--awb-margin-right-small:0px;--awb-margin-bottom-small:10px;--awb-margin-left-small:0px;--awb-font-size:var(--awb-typography2-font-size);\"><h2 class=\"fusion-title-heading title-heading-left fusion-responsive-typography-calculated\" style=\"font-family:var(--awb-typography2-font-family);font-weight:var(--awb-typography2-font-weight);font-style:var(--awb-typography2-font-style);margin:0;letter-spacing:var(--awb-typography2-letter-spacing);text-transform:var(--awb-typography2-text-transform);font-size:1em;--fontSize:36;line-height:var(--awb-typography2-line-height);\">IdeaScale v\u1edbi nh\u00f3m<\/h2><\/div><div class=\"fusion-text fusion-text-2\" style=\"--awb-font-size:18px;--awb-line-height:1.7;--awb-letter-spacing:0.015em;--awb-text-transform:var(--awb-typography3-text-transform);--awb-text-font-family:&quot;Inter&quot;;--awb-text-font-style:normal;--awb-text-font-weight:300;\"><ul>\n<li>Chia s\u1ebb \u00fd t\u01b0\u1edfng tr\u1ef1c ti\u1ebfp t\u1eeb c\u00e1c nh\u00f3m.<\/li>\n<li>Ph\u00e2n b\u1ed5 n\u00f3 cho chi\u1ebfn d\u1ecbch th\u00edch h\u1ee3p v\u00e0 t\u1ea5t c\u1ea3 c\u00e1c chi ti\u1ebft c\u00f3 li\u00ean quan.<\/li>\n<li>Ki\u1ec3m tra c\u00e1c \u00fd t\u01b0\u1edfng xu h\u01b0\u1edbng v\u00e0 xem chi ti\u1ebft chi\u1ebfn d\u1ecbch.<\/li>\n<li>D\u1ec5 d\u00e0ng th\u00eam v\u00e0 ph\u00ea duy\u1ec7t \u00fd t\u01b0\u1edfng ho\u1eb7c th\u00e0nh vi\u00ean<\/li>\n<\/ul>\n<\/div><\/div><\/div><\/div><\/div><div class=\"fusion-fullwidth fullwidth-box fusion-builder-row-3 fusion-flex-container has-pattern-background has-mask-background nonhundred-percent-fullwidth non-hundred-percent-height-scrolling\" style=\"--awb-border-radius-top-left:0px;--awb-border-radius-top-right:0px;--awb-border-radius-bottom-right:0px;--awb-border-radius-bottom-left:0px;--awb-padding-top:70px;--awb-padding-bottom:70px;--awb-flex-wrap:wrap;\" ><div class=\"fusion-builder-row fusion-row fusion-flex-align-items-center fusion-flex-content-wrap\" style=\"max-width:1248px;margin-left: calc(-4% \/ 2 );margin-right: calc(-4% \/ 2 );\"><div class=\"fusion-layout-column fusion_builder_column fusion-builder-column-3 fusion_builder_column_1_2 1_2 fusion-flex-column\" style=\"--awb-bg-size:cover;--awb-width-large:50%;--awb-margin-top-large:0px;--awb-spacing-right-large:3.84%;--awb-margin-bottom-large:20px;--awb-spacing-left-large:3.84%;--awb-width-medium:50%;--awb-order-medium:0;--awb-spacing-right-medium:3.84%;--awb-spacing-left-medium:3.84%;--awb-width-small:100%;--awb-order-small:0;--awb-spacing-right-small:1.92%;--awb-spacing-left-small:1.92%;\"><div class=\"fusion-column-wrapper fusion-column-has-shadow fusion-flex-justify-content-flex-start fusion-content-layout-column\"><div class=\"fusion-title title fusion-title-3 fusion-sep-none fusion-title-text fusion-title-size-three\" style=\"--awb-margin-top-small:10px;--awb-margin-right-small:0px;--awb-margin-bottom-small:10px;--awb-margin-left-small:0px;--awb-font-size:var(--awb-typography2-font-size);\"><h3 class=\"fusion-title-heading title-heading-left fusion-responsive-typography-calculated\" style=\"font-family:var(--awb-typography2-font-family);font-weight:var(--awb-typography2-font-weight);font-style:var(--awb-typography2-font-style);margin:0;letter-spacing:var(--awb-typography2-letter-spacing);text-transform:var(--awb-typography2-text-transform);font-size:1em;--fontSize:36;line-height:var(--awb-typography2-line-height);\">C\u00e0i \u0111\u1eb7t th\u1ebf n\u00e0o<\/h3><\/div><div class=\"fusion-text fusion-text-3\" style=\"--awb-font-size:var(--awb-typography4-font-size);--awb-line-height:var(--awb-typography4-line-height);--awb-text-font-family:var(--awb-typography4-font-family);--awb-text-font-weight:var(--awb-typography4-font-weight);--awb-text-font-style:var(--awb-typography4-font-style);\"><p><b>B\u01b0\u1edbc 1.<\/b>  T\u1ea3i xu\u1ed1ng t\u1ec7p zip t\u00edch h\u1ee3p Microsoft Teams (\u1edf tr\u00ean)<\/p>\n<p><b>B\u01b0\u1edbc 2.<\/b>  M\u1edf nh\u00f3m Microsoft.<\/p>\n<p><b>B\u01b0\u1edbc 3.<\/b>  \u0110i\u1ec1u h\u01b0\u1edbng \u0111\u1ebfn menu \u1ee8ng d\u1ee5ng (ph\u00eda d\u01b0\u1edbi b\u00ean tr\u00e1i) v\u00e0 nh\u1ea5p v\u00e0o \u201cT\u1ea3i l\u00ean \u1ee9ng d\u1ee5ng t\u00f9y ch\u1ec9nh\u201d<\/p>\n<p><b>B\u01b0\u1edbc 4.<\/b>  T\u1ea3i t\u1ec7p zip l\u00ean (c\u00f3 th\u1ec3 c\u1ea7n m\u1ed9t s\u1ed1 th\u1ee7 t\u1ee5c h\u00e0nh ch\u00ednh).<\/p>\n<p><b>B\u01b0\u1edbc 5.<\/b>  Khi m\u1ed9t \u00fd t\u01b0\u1edfng hay xu\u1ea5t hi\u1ec7n, h\u00e3y d\u1ec5 d\u00e0ng \u0111\u0103ng n\u00f3 v\u00e0o c\u1ed9ng \u0111\u1ed3ng IdeaScale c\u1ee7a b\u1ea1n. Ng\u01b0\u1eddi \u0111i\u1ec1u h\u00e0nh c\u00f3 th\u1ec3 ph\u00ea duy\u1ec7t c\u00e1c \u00fd t\u01b0\u1edfng m\u1edbi ho\u1eb7c th\u00e0nh vi\u00ean c\u1ed9ng \u0111\u1ed3ng m\u1edbi. Xem c\u1ed9ng \u0111\u1ed3ng c\u1ee7a b\u1ea1n tr\u00e0n ng\u1eadp nh\u1eefng \u00fd t\u01b0\u1edfng hay m\u00e0 kh\u00f4ng c\u1ea7n ph\u1ea3i h\u01b0\u1edbng l\u01b0u l\u01b0\u1ee3ng truy c\u1eadp \u0111\u1ebfn m\u1ed9t trang web ho\u00e0n to\u00e0n m\u1edbi.<\/p>\n<\/div><div ><a class=\"fusion-button button-flat button-large button-custom fusion-button-default button-2 fusion-button-default-span fusion-button-default-type\" style=\"--button_accent_color:#ffffff;--button_accent_hover_color:#ffffff;--button_border_hover_color:var(--awb-custom11);--button_gradient_top_color:var(--awb-color5);--button_gradient_bottom_color:var(--awb-color5);--button_gradient_top_color_hover:var(--awb-custom_color_6);--button_gradient_bottom_color_hover:var(--awb-custom_color_6);--button_margin-top:20px;\" target=\"_self\" href=\"https:\/\/teamsapp.ideascale.net\/manifest\"><span class=\"fusion-button-text awb-button__text awb-button__text--default\">T\u1ea3i xu\u1ed1ng T\u00edch h\u1ee3p Microsoft Teams<\/span><\/a><\/div><\/div><\/div><div class=\"fusion-layout-column fusion_builder_column fusion-builder-column-4 fusion_builder_column_1_2 1_2 fusion-flex-column\" style=\"--awb-bg-size:cover;--awb-width-large:50%;--awb-margin-top-large:0px;--awb-spacing-right-large:3.84%;--awb-margin-bottom-large:20px;--awb-spacing-left-large:3.84%;--awb-width-medium:50%;--awb-order-medium:0;--awb-spacing-right-medium:3.84%;--awb-spacing-left-medium:3.84%;--awb-width-small:100%;--awb-order-small:0;--awb-spacing-right-small:1.92%;--awb-spacing-left-small:1.92%;\"><div class=\"fusion-column-wrapper fusion-column-has-shadow fusion-flex-justify-content-flex-start fusion-content-layout-column\"><div class=\"fusion-image-element \" style=\"--awb-caption-title-font-family:var(--h2_typography-font-family);--awb-caption-title-font-weight:var(--h2_typography-font-weight);--awb-caption-title-font-style:var(--h2_typography-font-style);--awb-caption-title-size:var(--h2_typography-font-size);--awb-caption-title-transform:var(--h2_typography-text-transform);--awb-caption-title-line-height:var(--h2_typography-line-height);--awb-caption-title-letter-spacing:var(--h2_typography-letter-spacing);\"><span class=\" fusion-imageframe imageframe-none imageframe-2 hover-type-none\"><img decoding=\"async\" width=\"576\" height=\"550\" alt=\"ms teams\" title=\"ms-teams-v1\" src=\"https:\/\/ideascale.com\/wp-content\/uploads\/2022\/08\/ms-teams-v1.png\" data-orig-src=\"https:\/\/ideascale.com\/wp-content\/uploads\/2022\/08\/ms-teams-v1.png\" class=\"lazyload img-responsive wp-image-55874\" srcset=\"data:image\/svg+xml,%3Csvg%20xmlns%3D%27http%3A%2F%2Fwww.w3.org%2F2000%2Fsvg%27%20width%3D%27576%27%20height%3D%27550%27%20viewBox%3D%270%200%20576%20550%27%3E%3Crect%20width%3D%27576%27%20height%3D%27550%27%20fill-opacity%3D%220%22%2F%3E%3C%2Fsvg%3E\" data-srcset=\"https:\/\/ideascale.com\/wp-content\/uploads\/2022\/08\/ms-teams-v1-200x191.png 200w, https:\/\/ideascale.com\/wp-content\/uploads\/2022\/08\/ms-teams-v1-400x382.png 400w, https:\/\/ideascale.com\/wp-content\/uploads\/2022\/08\/ms-teams-v1.png 576w\" data-sizes=\"auto\" data-orig-sizes=\"(max-width: 640px) 100vw, 576px\" \/><\/span><\/div><\/div><\/div><\/div><\/div><\/p>\n","protected":false},"excerpt":{"rendered":"","protected":false},"author":68,"featured_media":93358,"parent":0,"menu_order":0,"comment_status":"closed","ping_status":"closed","template":"100-width.php","meta":{"footnotes":""},"class_list":["post-81297","page","type-page","status-publish","has-post-thumbnail","hentry"],"yoast_head":"<!-- This site is optimized with the Yoast SEO plugin v27.2 - https:\/\/yoast.com\/product\/yoast-seo-wordpress\/ -->\n<title>\u0110\u1ed9i - IdeaScale<\/title>\n<meta name=\"description\" content=\"Nh\u00f3m Microsoft. D\u1ec5 d\u00e0ng th\u00eam s\u1ef1 \u0111\u1ed5i m\u1edbi v\u00e0o ho\u1ea1t \u0111\u1ed9ng c\u1ed9ng t\u00e1c c\u1ee7a b\u1ea1n v\u1edbi T\u00edch h\u1ee3p Microsoft Teams c\u1ee7a IdeaScale\" \/>\n<meta name=\"robots\" content=\"index, follow, max-snippet:-1, max-image-preview:large, max-video-preview:-1\" \/>\n<link rel=\"canonical\" href=\"https:\/\/ideascale.com\/vi\/doi\/\" \/>\n<meta property=\"og:locale\" content=\"vi_VN\" \/>\n<meta property=\"og:type\" content=\"article\" \/>\n<meta property=\"og:title\" content=\"\u0110\u1ed9i - IdeaScale\" \/>\n<meta property=\"og:description\" content=\"Nh\u00f3m Microsoft. D\u1ec5 d\u00e0ng th\u00eam s\u1ef1 \u0111\u1ed5i m\u1edbi v\u00e0o ho\u1ea1t \u0111\u1ed9ng c\u1ed9ng t\u00e1c c\u1ee7a b\u1ea1n v\u1edbi T\u00edch h\u1ee3p Microsoft Teams c\u1ee7a IdeaScale\" \/>\n<meta property=\"og:url\" content=\"https:\/\/ideascale.com\/vi\/doi\/\" \/>\n<meta property=\"og:site_name\" content=\"IdeaScale\" \/>\n<meta property=\"article:publisher\" content=\"https:\/\/www.facebook.com\/ideascale\" \/>\n<meta property=\"article:modified_time\" content=\"2024-06-02T12:06:41+00:00\" \/>\n<meta property=\"og:image\" content=\"https:\/\/ideascale.com\/wp-content\/uploads\/2025\/07\/IdeaScale-Idea-and-Innovation-Management-Software.jpg\" \/>\n\t<meta property=\"og:image:width\" content=\"1280\" \/>\n\t<meta property=\"og:image:height\" content=\"720\" \/>\n\t<meta property=\"og:image:type\" content=\"image\/jpeg\" \/>\n<meta name=\"twitter:card\" content=\"summary_large_image\" \/>\n<meta name=\"twitter:site\" content=\"@ideascale\" \/>\n<meta name=\"twitter:label1\" content=\"Est. reading time\" \/>\n\t<meta name=\"twitter:data1\" content=\"14 minutes\" \/>\n<script type=\"application\/ld+json\" class=\"yoast-schema-graph\">{\"@context\":\"https:\/\/schema.org\",\"@graph\":[{\"@type\":\"WebPage\",\"@id\":\"https:\/\/ideascale.com\/vi\/doi\/\",\"url\":\"https:\/\/ideascale.com\/vi\/doi\/\",\"name\":\"\u0110\u1ed9i - IdeaScale\",\"isPartOf\":{\"@id\":\"http:\/\/ideascale.com\/vi\/#website\"},\"primaryImageOfPage\":{\"@id\":\"https:\/\/ideascale.com\/vi\/doi\/#primaryimage\"},\"image\":{\"@id\":\"https:\/\/ideascale.com\/vi\/doi\/#primaryimage\"},\"thumbnailUrl\":\"https:\/\/ideascale.com\/wp-content\/uploads\/2025\/05\/IdeaScale_MS-Teams-Integration.png\",\"datePublished\":\"2022-08-23T13:31:12+00:00\",\"dateModified\":\"2024-06-02T12:06:41+00:00\",\"description\":\"Nh\u00f3m Microsoft. D\u1ec5 d\u00e0ng th\u00eam s\u1ef1 \u0111\u1ed5i m\u1edbi v\u00e0o ho\u1ea1t \u0111\u1ed9ng c\u1ed9ng t\u00e1c c\u1ee7a b\u1ea1n v\u1edbi T\u00edch h\u1ee3p Microsoft Teams c\u1ee7a IdeaScale\",\"inLanguage\":\"vi-VN\",\"potentialAction\":[{\"@type\":\"ReadAction\",\"target\":[\"https:\/\/ideascale.com\/vi\/doi\/\"]}]},{\"@type\":\"ImageObject\",\"inLanguage\":\"vi-VN\",\"@id\":\"https:\/\/ideascale.com\/vi\/doi\/#primaryimage\",\"url\":\"https:\/\/ideascale.com\/wp-content\/uploads\/2025\/05\/IdeaScale_MS-Teams-Integration.png\",\"contentUrl\":\"https:\/\/ideascale.com\/wp-content\/uploads\/2025\/05\/IdeaScale_MS-Teams-Integration.png\",\"width\":1326,\"height\":941,\"caption\":\"IdeaScale and MS Teams Integration\"},{\"@type\":\"WebSite\",\"@id\":\"http:\/\/ideascale.com\/vi\/#website\",\"url\":\"http:\/\/ideascale.com\/vi\/\",\"name\":\"IdeaScale\",\"description\":\"Enterprise Innovation Management Software\",\"publisher\":{\"@id\":\"http:\/\/ideascale.com\/vi\/#organization\"},\"potentialAction\":[{\"@type\":\"SearchAction\",\"target\":{\"@type\":\"EntryPoint\",\"urlTemplate\":\"http:\/\/ideascale.com\/vi\/?s={search_term_string}\"},\"query-input\":{\"@type\":\"PropertyValueSpecification\",\"valueRequired\":true,\"valueName\":\"search_term_string\"}}],\"inLanguage\":\"vi-VN\"},{\"@type\":\"Organization\",\"@id\":\"http:\/\/ideascale.com\/vi\/#organization\",\"name\":\"IdeaScale\",\"url\":\"http:\/\/ideascale.com\/vi\/\",\"logo\":{\"@type\":\"ImageObject\",\"inLanguage\":\"vi-VN\",\"@id\":\"http:\/\/ideascale.com\/vi\/#\/schema\/logo\/image\/\",\"url\":\"https:\/\/ideascale.com\/wp-content\/uploads\/2024\/10\/IdeaScale-Logo.png\",\"contentUrl\":\"https:\/\/ideascale.com\/wp-content\/uploads\/2024\/10\/IdeaScale-Logo.png\",\"width\":696,\"height\":696,\"caption\":\"IdeaScale\"},\"image\":{\"@id\":\"http:\/\/ideascale.com\/vi\/#\/schema\/logo\/image\/\"},\"sameAs\":[\"https:\/\/www.facebook.com\/ideascale\",\"https:\/\/x.com\/ideascale\",\"https:\/\/www.instagram.com\/ideascale\/\",\"https:\/\/www.linkedin.com\/company\/ideascale\/\",\"https:\/\/www.youtube.com\/@Ideascalesolution\"]}]}<\/script>\n<!-- \/ Yoast SEO plugin. -->","yoast_head_json":{"title":"\u0110\u1ed9i - IdeaScale","description":"Nh\u00f3m Microsoft. D\u1ec5 d\u00e0ng th\u00eam s\u1ef1 \u0111\u1ed5i m\u1edbi v\u00e0o ho\u1ea1t \u0111\u1ed9ng c\u1ed9ng t\u00e1c c\u1ee7a b\u1ea1n v\u1edbi T\u00edch h\u1ee3p Microsoft Teams c\u1ee7a IdeaScale","robots":{"index":"index","follow":"follow","max-snippet":"max-snippet:-1","max-image-preview":"max-image-preview:large","max-video-preview":"max-video-preview:-1"},"canonical":"https:\/\/ideascale.com\/vi\/doi\/","og_locale":"vi_VN","og_type":"article","og_title":"\u0110\u1ed9i - IdeaScale","og_description":"Nh\u00f3m Microsoft. D\u1ec5 d\u00e0ng th\u00eam s\u1ef1 \u0111\u1ed5i m\u1edbi v\u00e0o ho\u1ea1t \u0111\u1ed9ng c\u1ed9ng t\u00e1c c\u1ee7a b\u1ea1n v\u1edbi T\u00edch h\u1ee3p Microsoft Teams c\u1ee7a IdeaScale","og_url":"https:\/\/ideascale.com\/vi\/doi\/","og_site_name":"IdeaScale","article_publisher":"https:\/\/www.facebook.com\/ideascale","article_modified_time":"2024-06-02T12:06:41+00:00","og_image":[{"width":1280,"height":720,"url":"https:\/\/ideascale.com\/wp-content\/uploads\/2025\/07\/IdeaScale-Idea-and-Innovation-Management-Software.jpg","type":"image\/jpeg"}],"twitter_card":"summary_large_image","twitter_site":"@ideascale","twitter_misc":{"Est. reading time":"14 minutes"},"schema":{"@context":"https:\/\/schema.org","@graph":[{"@type":"WebPage","@id":"https:\/\/ideascale.com\/vi\/doi\/","url":"https:\/\/ideascale.com\/vi\/doi\/","name":"\u0110\u1ed9i - IdeaScale","isPartOf":{"@id":"http:\/\/ideascale.com\/vi\/#website"},"primaryImageOfPage":{"@id":"https:\/\/ideascale.com\/vi\/doi\/#primaryimage"},"image":{"@id":"https:\/\/ideascale.com\/vi\/doi\/#primaryimage"},"thumbnailUrl":"https:\/\/ideascale.com\/wp-content\/uploads\/2025\/05\/IdeaScale_MS-Teams-Integration.png","datePublished":"2022-08-23T13:31:12+00:00","dateModified":"2024-06-02T12:06:41+00:00","description":"Nh\u00f3m Microsoft. D\u1ec5 d\u00e0ng th\u00eam s\u1ef1 \u0111\u1ed5i m\u1edbi v\u00e0o ho\u1ea1t \u0111\u1ed9ng c\u1ed9ng t\u00e1c c\u1ee7a b\u1ea1n v\u1edbi T\u00edch h\u1ee3p Microsoft Teams c\u1ee7a IdeaScale","inLanguage":"vi-VN","potentialAction":[{"@type":"ReadAction","target":["https:\/\/ideascale.com\/vi\/doi\/"]}]},{"@type":"ImageObject","inLanguage":"vi-VN","@id":"https:\/\/ideascale.com\/vi\/doi\/#primaryimage","url":"https:\/\/ideascale.com\/wp-content\/uploads\/2025\/05\/IdeaScale_MS-Teams-Integration.png","contentUrl":"https:\/\/ideascale.com\/wp-content\/uploads\/2025\/05\/IdeaScale_MS-Teams-Integration.png","width":1326,"height":941,"caption":"IdeaScale and MS Teams Integration"},{"@type":"WebSite","@id":"http:\/\/ideascale.com\/vi\/#website","url":"http:\/\/ideascale.com\/vi\/","name":"IdeaScale","description":"Enterprise Innovation Management Software","publisher":{"@id":"http:\/\/ideascale.com\/vi\/#organization"},"potentialAction":[{"@type":"SearchAction","target":{"@type":"EntryPoint","urlTemplate":"http:\/\/ideascale.com\/vi\/?s={search_term_string}"},"query-input":{"@type":"PropertyValueSpecification","valueRequired":true,"valueName":"search_term_string"}}],"inLanguage":"vi-VN"},{"@type":"Organization","@id":"http:\/\/ideascale.com\/vi\/#organization","name":"IdeaScale","url":"http:\/\/ideascale.com\/vi\/","logo":{"@type":"ImageObject","inLanguage":"vi-VN","@id":"http:\/\/ideascale.com\/vi\/#\/schema\/logo\/image\/","url":"https:\/\/ideascale.com\/wp-content\/uploads\/2024\/10\/IdeaScale-Logo.png","contentUrl":"https:\/\/ideascale.com\/wp-content\/uploads\/2024\/10\/IdeaScale-Logo.png","width":696,"height":696,"caption":"IdeaScale"},"image":{"@id":"http:\/\/ideascale.com\/vi\/#\/schema\/logo\/image\/"},"sameAs":["https:\/\/www.facebook.com\/ideascale","https:\/\/x.com\/ideascale","https:\/\/www.instagram.com\/ideascale\/","https:\/\/www.linkedin.com\/company\/ideascale\/","https:\/\/www.youtube.com\/@Ideascalesolution"]}]}},"_links":{"self":[{"href":"https:\/\/ideascale.com\/vi\/wp-json\/wp\/v2\/pages\/81297","targetHints":{"allow":["GET"]}}],"collection":[{"href":"https:\/\/ideascale.com\/vi\/wp-json\/wp\/v2\/pages"}],"about":[{"href":"https:\/\/ideascale.com\/vi\/wp-json\/wp\/v2\/types\/page"}],"author":[{"embeddable":true,"href":"https:\/\/ideascale.com\/vi\/wp-json\/wp\/v2\/users\/68"}],"replies":[{"embeddable":true,"href":"https:\/\/ideascale.com\/vi\/wp-json\/wp\/v2\/comments?post=81297"}],"version-history":[{"count":0,"href":"https:\/\/ideascale.com\/vi\/wp-json\/wp\/v2\/pages\/81297\/revisions"}],"wp:featuredmedia":[{"embeddable":true,"href":"https:\/\/ideascale.com\/vi\/wp-json\/wp\/v2\/media\/93358"}],"wp:attachment":[{"href":"https:\/\/ideascale.com\/vi\/wp-json\/wp\/v2\/media?parent=81297"}],"curies":[{"name":"wp","href":"https:\/\/api.w.org\/{rel}","templated":true}]}}