{"id":81208,"date":"2022-08-18T14:28:23","date_gmt":"2022-08-18T18:28:23","guid":{"rendered":"https:\/\/ideascale.com\/y-tuong-nghe-nghiep\/"},"modified":"2024-06-02T07:07:48","modified_gmt":"2024-06-02T11:07:48","slug":"y-tuong-nghe-nghiep","status":"publish","type":"page","link":"https:\/\/ideascale.com\/vi\/y-tuong-nghe-nghiep\/","title":{"rendered":"Ngh\u1ec1 nghi\u1ec7p"},"content":{"rendered":"<div class=\"fusion-fullwidth fullwidth-box fusion-builder-row-1 fusion-flex-container nonhundred-percent-fullwidth non-hundred-percent-height-scrolling\" style=\"--awb-border-color:#ffffff;--awb-border-radius-top-left:0px;--awb-border-radius-top-right:0px;--awb-border-radius-bottom-right:0px;--awb-border-radius-bottom-left:0px;--awb-padding-top:80px;--awb-padding-bottom:67px;--awb-padding-right-medium:50px;--awb-padding-left-medium:50px;--awb-padding-right-small:20px;--awb-padding-left-small:20px;--awb-margin-bottom:0px;--awb-background-color:var(--awb-color1);--awb-flex-wrap:wrap;\" ><div class=\"fusion-builder-row fusion-row fusion-flex-align-items-center fusion-flex-align-content-space-evenly fusion-flex-justify-content-space-evenly fusion-flex-content-wrap\" style=\"max-width:1248px;margin-left: calc(-4% \/ 2 );margin-right: calc(-4% \/ 2 );\"><div class=\"fusion-layout-column fusion_builder_column fusion-builder-column-0 fusion_builder_column_1_1 1_1 fusion-flex-column\" style=\"--awb-bg-size:cover;--awb-width-large:100%;--awb-margin-top-large:0px;--awb-spacing-right-large:1.92%;--awb-margin-bottom-large:20px;--awb-spacing-left-large:1.92%;--awb-width-medium:100%;--awb-order-medium:0;--awb-spacing-right-medium:1.92%;--awb-spacing-left-medium:1.92%;--awb-width-small:100%;--awb-order-small:0;--awb-spacing-right-small:1.92%;--awb-spacing-left-small:1.92%;\"><div class=\"fusion-column-wrapper fusion-column-has-shadow fusion-flex-justify-content-flex-start fusion-content-layout-column\"><div class=\"fusion-builder-row fusion-builder-row-inner fusion-row fusion-flex-align-items-center fusion-flex-align-content-space-evenly fusion-flex-justify-content-space-evenly fusion-flex-content-wrap\" style=\"--awb-flex-grow:0;--awb-flex-grow-medium:0;--awb-flex-grow-small:0;--awb-flex-shrink:0;--awb-flex-shrink-medium:0;--awb-flex-shrink-small:0;width:104% !important;max-width:104% !important;margin-left: calc(-4% \/ 2 );margin-right: calc(-4% \/ 2 );\"><div class=\"fusion-layout-column fusion_builder_column_inner fusion-builder-nested-column-0 fusion_builder_column_inner_1_2 1_2 fusion-flex-column fusion-flex-align-self-center\" style=\"--awb-bg-size:cover;--awb-width-large:50%;--awb-margin-top-large:0px;--awb-spacing-right-large:3.84%;--awb-margin-bottom-large:20px;--awb-spacing-left-large:3.84%;--awb-width-medium:50%;--awb-order-medium:0;--awb-spacing-right-medium:3.84%;--awb-spacing-left-medium:3.84%;--awb-width-small:100%;--awb-order-small:0;--awb-spacing-right-small:1.92%;--awb-spacing-left-small:1.92%;\"><div class=\"fusion-column-wrapper fusion-column-has-shadow fusion-flex-justify-content-flex-start fusion-content-layout-column\"><div class=\"fusion-title title fusion-title-1 fusion-sep-none fusion-title-text fusion-title-size-two\" style=\"--awb-margin-bottom:35px;--awb-margin-top-small:10px;--awb-margin-right-small:0px;--awb-margin-bottom-small:10px;--awb-margin-left-small:0px;--awb-font-size:var(--awb-typography2-font-size);\"><h2 class=\"fusion-title-heading title-heading-left fusion-responsive-typography-calculated\" style=\"font-family:var(--awb-custom_typography_1-font-family);font-weight:var(--awb-custom_typography_1-font-weight);font-style:var(--awb-custom_typography_1-font-style);margin:0;letter-spacing:var(--awb-typography2-letter-spacing);text-transform:var(--awb-typography2-text-transform);font-size:1em;--fontSize:36;line-height:var(--awb-typography2-line-height);\">H\u00e3y tham gia \u0110\u1ed9i ng\u0169 chuy\u00ean gia \u0111\u1ed5i m\u1edbi c\u1ee7a ch\u00fang t\u00f4i!<\/h2><\/div><div class=\"fusion-text fusion-text-1 fusion-text-no-margin\" style=\"--awb-margin-bottom:35px;\"><p>IdeaScale t\u1ef1 h\u00e0o v\u1ec1 c\u1ea3 g\u00f3i l\u1ee3i \u00edch \u0111\u1ed9c \u0111\u00e1o l\u1eabn b\u1ea7u kh\u00f4ng kh\u00ed h\u1ee3p t\u00e1c v\u00e0 vui v\u1ebb. \u0110i\u1ec1u n\u00e0y c\u00f3 ngh\u0129a l\u00e0 ch\u00fang t\u00f4i \u00e1p d\u1ee5ng m\u00f4 h\u00ecnh l\u00e0m vi\u1ec7c linh ho\u1ea1t trong khi v\u1eabn duy tr\u00ec c\u00e1c ti\u00eau chu\u1ea9n cao v\u1ec1 l\u1ee3i nhu\u1eadn c\u1ee7a c\u00f4ng ty.<\/p>\n<p>C\u00e1c c\u00e1 nh\u00e2n tham gia nh\u00f3m c\u1ee7a ch\u00fang t\u00f4i ph\u1ea3i l\u00e0 nh\u1eefng ng\u01b0\u1eddi \u1ee7ng h\u1ed9 nhi\u1ec7t t\u00ecnh cho s\u1ef1 \u0111\u1ed5i m\u1edbi, ngu\u1ed3n l\u1ef1c c\u1ed9ng \u0111\u1ed3ng v\u00e0 qu\u1ea3n l\u00fd thay \u0111\u1ed5i t\u1ed5 ch\u1ee9c. Suy cho c\u00f9ng, nh\u1eefng \u00fd t\u01b0\u1edfng hay c\u00f3 th\u1ec3 \u0111\u1ebfn t\u1eeb b\u1ea5t c\u1ee9 \u0111\u00e2u v\u00e0 ch\u00fang t\u00f4i ngh\u0129 \u0111i\u1ec1u \u0111\u00f3 c\u00f3 ngh\u0129a l\u00e0 nh\u1eefng \u00fd t\u01b0\u1edfng hay c\u0169ng s\u1ebd \u0111\u1ebfn t\u1eeb b\u1ea1n!<\/p>\n<p>IdeaScale l\u00e0 c\u00f4ng ty \u0111\u1ea7u ti\u00ean t\u1eeb xa cung c\u1ea5p c\u00e1c l\u1ef1a ch\u1ecdn l\u00e0m vi\u1ec7c k\u1ebft h\u1ee3p \u1edf khu v\u1ef1c Washington, DC. N\u1ebfu b\u1ea1n quan t\u00e2m \u0111\u1ebfn vi\u1ec7c \u1ee9ng tuy\u1ec3n v\u00e0o m\u1ed9t trong nh\u1eefng vai tr\u00f2 \u0111ang m\u1edf c\u1ee7a ch\u00fang t\u00f4i, vui l\u00f2ng theo d\u00f5i ch\u00fang t\u00f4i tr\u00ean <a href=\"https:\/\/www.linkedin.com\/company\/ideascale\/\" target=\"_blank\" rel=\"noopener noreferrer\">Linkedin<\/a> \u0111\u1ec3 c\u1eadp nh\u1eadt th\u00f4ng tin tuy\u1ec3n d\u1ee5ng hi\u1ec7n t\u1ea1i c\u1ee7a ch\u00fang t\u00f4i.<\/p>\n<\/div><div class=\"fusion-text fusion-text-2\"><p><a href=\"https:\/\/www.linkedin.com\/company\/ideascale\/jobs\/\" target=\"_blank\" rel=\"noopener\">Kh\u00e1m ph\u00e1 c\u01a1 h\u1ed9i vi\u1ec7c l\u00e0m c\u1ee7a b\u1ea1n t\u1ea1i \u0111\u00e2y  &gt;<\/a><\/p>\n<\/div><\/div><\/div><div class=\"fusion-layout-column fusion_builder_column_inner fusion-builder-nested-column-1 fusion_builder_column_inner_1_2 1_2 fusion-flex-column fusion-flex-align-self-center\" style=\"--awb-bg-size:cover;--awb-width-large:50%;--awb-margin-top-large:0px;--awb-spacing-right-large:3.84%;--awb-margin-bottom-large:0px;--awb-spacing-left-large:3.84%;--awb-width-medium:50%;--awb-order-medium:0;--awb-spacing-right-medium:3.84%;--awb-spacing-left-medium:3.84%;--awb-width-small:100%;--awb-order-small:0;--awb-spacing-right-small:1.92%;--awb-spacing-left-small:1.92%;\"><div class=\"fusion-column-wrapper fusion-column-has-shadow fusion-flex-justify-content-center fusion-content-layout-column\"><div class=\"fusion-image-element \" style=\"text-align:right;--awb-mask-url: url(https:\/\/ideascale.com\/wp-content\/plugins\/fusion-builder\/\/assets\/images\/masks\/mask-17.svg);--awb-mask-size: cover;--awb-caption-title-font-family:var(--h2_typography-font-family);--awb-caption-title-font-weight:var(--h2_typography-font-weight);--awb-caption-title-font-style:var(--h2_typography-font-style);--awb-caption-title-size:var(--h2_typography-font-size);--awb-caption-title-transform:var(--h2_typography-text-transform);--awb-caption-title-line-height:var(--h2_typography-line-height);--awb-caption-title-letter-spacing:var(--h2_typography-letter-spacing);\"><span class=\" fusion-imageframe imageframe-none imageframe-1 hover-type-none has-mask\"><img decoding=\"async\" width=\"996\" height=\"664\" alt=\"Join IdeaScale Team\" title=\"join-ideascale-team\" src=\"https:\/\/ideascale.com\/wp-content\/uploads\/2022\/08\/join-ideascale-team.webp\" data-orig-src=\"https:\/\/ideascale.com\/wp-content\/uploads\/2022\/08\/join-ideascale-team.webp\" class=\"lazyload img-responsive wp-image-89886\" srcset=\"data:image\/svg+xml,%3Csvg%20xmlns%3D%27http%3A%2F%2Fwww.w3.org%2F2000%2Fsvg%27%20width%3D%27996%27%20height%3D%27664%27%20viewBox%3D%270%200%20996%20664%27%3E%3Crect%20width%3D%27996%27%20height%3D%27664%27%20fill-opacity%3D%220%22%2F%3E%3C%2Fsvg%3E\" data-srcset=\"https:\/\/ideascale.com\/wp-content\/uploads\/2022\/08\/join-ideascale-team-200x133.webp 200w, https:\/\/ideascale.com\/wp-content\/uploads\/2022\/08\/join-ideascale-team-400x267.webp 400w, https:\/\/ideascale.com\/wp-content\/uploads\/2022\/08\/join-ideascale-team-600x400.webp 600w, https:\/\/ideascale.com\/wp-content\/uploads\/2022\/08\/join-ideascale-team-800x533.webp 800w, https:\/\/ideascale.com\/wp-content\/uploads\/2022\/08\/join-ideascale-team.webp 996w\" data-sizes=\"auto\" data-orig-sizes=\"(max-width: 640px) 100vw, 600px\" \/><\/span><\/div><\/div><\/div><\/div><\/div><\/div><\/div><\/div>\n","protected":false},"excerpt":{"rendered":"","protected":false},"author":69,"featured_media":0,"parent":0,"menu_order":0,"comment_status":"closed","ping_status":"closed","template":"100-width.php","meta":{"footnotes":""},"class_list":["post-81208","page","type-page","status-publish","hentry"],"yoast_head":"<!-- This site is optimized with the Yoast SEO plugin v27.2 - https:\/\/yoast.com\/product\/yoast-seo-wordpress\/ -->\n<title>Ngh\u1ec1 nghi\u1ec7p - IdeaScale<\/title>\n<meta name=\"description\" content=\"S\u1ef1 nghi\u1ec7p c\u1ee7a IdeaScale: IdeaScale t\u1ef1 h\u00e0o v\u1ec1 c\u1ea3 g\u00f3i l\u1ee3i \u00edch \u0111\u1ed9c \u0111\u00e1o l\u1eabn b\u1ea7u kh\u00f4ng kh\u00ed h\u1ee3p t\u00e1c v\u00e0 vui v\u1ebb.\" \/>\n<meta name=\"robots\" content=\"index, follow, max-snippet:-1, max-image-preview:large, max-video-preview:-1\" \/>\n<link rel=\"canonical\" href=\"https:\/\/ideascale.com\/vi\/y-tuong-nghe-nghiep\/\" \/>\n<meta property=\"og:locale\" content=\"vi_VN\" \/>\n<meta property=\"og:type\" content=\"article\" \/>\n<meta property=\"og:title\" content=\"Ngh\u1ec1 nghi\u1ec7p - IdeaScale\" \/>\n<meta property=\"og:description\" content=\"S\u1ef1 nghi\u1ec7p c\u1ee7a IdeaScale: IdeaScale t\u1ef1 h\u00e0o v\u1ec1 c\u1ea3 g\u00f3i l\u1ee3i \u00edch \u0111\u1ed9c \u0111\u00e1o l\u1eabn b\u1ea7u kh\u00f4ng kh\u00ed h\u1ee3p t\u00e1c v\u00e0 vui v\u1ebb.\" \/>\n<meta property=\"og:url\" content=\"https:\/\/ideascale.com\/vi\/y-tuong-nghe-nghiep\/\" \/>\n<meta property=\"og:site_name\" content=\"IdeaScale\" \/>\n<meta property=\"article:publisher\" content=\"https:\/\/www.facebook.com\/ideascale\" \/>\n<meta property=\"article:modified_time\" content=\"2024-06-02T11:07:48+00:00\" \/>\n<meta property=\"og:image\" content=\"https:\/\/ideascale.com\/wp-content\/uploads\/2025\/07\/IdeaScale-Idea-and-Innovation-Management-Software.jpg\" \/>\n\t<meta property=\"og:image:width\" content=\"1280\" \/>\n\t<meta property=\"og:image:height\" content=\"720\" \/>\n\t<meta property=\"og:image:type\" content=\"image\/jpeg\" \/>\n<meta name=\"twitter:card\" content=\"summary_large_image\" \/>\n<meta name=\"twitter:site\" content=\"@ideascale\" \/>\n<meta name=\"twitter:label1\" content=\"Est. reading time\" \/>\n\t<meta name=\"twitter:data1\" content=\"7 minutes\" \/>\n<script type=\"application\/ld+json\" class=\"yoast-schema-graph\">{\"@context\":\"https:\/\/schema.org\",\"@graph\":[{\"@type\":\"WebPage\",\"@id\":\"https:\/\/ideascale.com\/vi\/y-tuong-nghe-nghiep\/\",\"url\":\"https:\/\/ideascale.com\/vi\/y-tuong-nghe-nghiep\/\",\"name\":\"Ngh\u1ec1 nghi\u1ec7p - IdeaScale\",\"isPartOf\":{\"@id\":\"http:\/\/ideascale.com\/vi\/#website\"},\"datePublished\":\"2022-08-18T18:28:23+00:00\",\"dateModified\":\"2024-06-02T11:07:48+00:00\",\"description\":\"S\u1ef1 nghi\u1ec7p c\u1ee7a IdeaScale: IdeaScale t\u1ef1 h\u00e0o v\u1ec1 c\u1ea3 g\u00f3i l\u1ee3i \u00edch \u0111\u1ed9c \u0111\u00e1o l\u1eabn b\u1ea7u kh\u00f4ng kh\u00ed h\u1ee3p t\u00e1c v\u00e0 vui v\u1ebb.\",\"inLanguage\":\"vi-VN\",\"potentialAction\":[{\"@type\":\"ReadAction\",\"target\":[\"https:\/\/ideascale.com\/vi\/y-tuong-nghe-nghiep\/\"]}]},{\"@type\":\"WebSite\",\"@id\":\"http:\/\/ideascale.com\/vi\/#website\",\"url\":\"http:\/\/ideascale.com\/vi\/\",\"name\":\"IdeaScale\",\"description\":\"Enterprise Innovation Management Software\",\"publisher\":{\"@id\":\"http:\/\/ideascale.com\/vi\/#organization\"},\"potentialAction\":[{\"@type\":\"SearchAction\",\"target\":{\"@type\":\"EntryPoint\",\"urlTemplate\":\"http:\/\/ideascale.com\/vi\/?s={search_term_string}\"},\"query-input\":{\"@type\":\"PropertyValueSpecification\",\"valueRequired\":true,\"valueName\":\"search_term_string\"}}],\"inLanguage\":\"vi-VN\"},{\"@type\":\"Organization\",\"@id\":\"http:\/\/ideascale.com\/vi\/#organization\",\"name\":\"IdeaScale\",\"url\":\"http:\/\/ideascale.com\/vi\/\",\"logo\":{\"@type\":\"ImageObject\",\"inLanguage\":\"vi-VN\",\"@id\":\"http:\/\/ideascale.com\/vi\/#\/schema\/logo\/image\/\",\"url\":\"https:\/\/ideascale.com\/wp-content\/uploads\/2024\/10\/IdeaScale-Logo.png\",\"contentUrl\":\"https:\/\/ideascale.com\/wp-content\/uploads\/2024\/10\/IdeaScale-Logo.png\",\"width\":696,\"height\":696,\"caption\":\"IdeaScale\"},\"image\":{\"@id\":\"http:\/\/ideascale.com\/vi\/#\/schema\/logo\/image\/\"},\"sameAs\":[\"https:\/\/www.facebook.com\/ideascale\",\"https:\/\/x.com\/ideascale\",\"https:\/\/www.instagram.com\/ideascale\/\",\"https:\/\/www.linkedin.com\/company\/ideascale\/\",\"https:\/\/www.youtube.com\/@Ideascalesolution\"]}]}<\/script>\n<!-- \/ Yoast SEO plugin. -->","yoast_head_json":{"title":"Ngh\u1ec1 nghi\u1ec7p - IdeaScale","description":"S\u1ef1 nghi\u1ec7p c\u1ee7a IdeaScale: IdeaScale t\u1ef1 h\u00e0o v\u1ec1 c\u1ea3 g\u00f3i l\u1ee3i \u00edch \u0111\u1ed9c \u0111\u00e1o l\u1eabn b\u1ea7u kh\u00f4ng kh\u00ed h\u1ee3p t\u00e1c v\u00e0 vui v\u1ebb.","robots":{"index":"index","follow":"follow","max-snippet":"max-snippet:-1","max-image-preview":"max-image-preview:large","max-video-preview":"max-video-preview:-1"},"canonical":"https:\/\/ideascale.com\/vi\/y-tuong-nghe-nghiep\/","og_locale":"vi_VN","og_type":"article","og_title":"Ngh\u1ec1 nghi\u1ec7p - IdeaScale","og_description":"S\u1ef1 nghi\u1ec7p c\u1ee7a IdeaScale: IdeaScale t\u1ef1 h\u00e0o v\u1ec1 c\u1ea3 g\u00f3i l\u1ee3i \u00edch \u0111\u1ed9c \u0111\u00e1o l\u1eabn b\u1ea7u kh\u00f4ng kh\u00ed h\u1ee3p t\u00e1c v\u00e0 vui v\u1ebb.","og_url":"https:\/\/ideascale.com\/vi\/y-tuong-nghe-nghiep\/","og_site_name":"IdeaScale","article_publisher":"https:\/\/www.facebook.com\/ideascale","article_modified_time":"2024-06-02T11:07:48+00:00","og_image":[{"width":1280,"height":720,"url":"https:\/\/ideascale.com\/wp-content\/uploads\/2025\/07\/IdeaScale-Idea-and-Innovation-Management-Software.jpg","type":"image\/jpeg"}],"twitter_card":"summary_large_image","twitter_site":"@ideascale","twitter_misc":{"Est. reading time":"7 minutes"},"schema":{"@context":"https:\/\/schema.org","@graph":[{"@type":"WebPage","@id":"https:\/\/ideascale.com\/vi\/y-tuong-nghe-nghiep\/","url":"https:\/\/ideascale.com\/vi\/y-tuong-nghe-nghiep\/","name":"Ngh\u1ec1 nghi\u1ec7p - IdeaScale","isPartOf":{"@id":"http:\/\/ideascale.com\/vi\/#website"},"datePublished":"2022-08-18T18:28:23+00:00","dateModified":"2024-06-02T11:07:48+00:00","description":"S\u1ef1 nghi\u1ec7p c\u1ee7a IdeaScale: IdeaScale t\u1ef1 h\u00e0o v\u1ec1 c\u1ea3 g\u00f3i l\u1ee3i \u00edch \u0111\u1ed9c \u0111\u00e1o l\u1eabn b\u1ea7u kh\u00f4ng kh\u00ed h\u1ee3p t\u00e1c v\u00e0 vui v\u1ebb.","inLanguage":"vi-VN","potentialAction":[{"@type":"ReadAction","target":["https:\/\/ideascale.com\/vi\/y-tuong-nghe-nghiep\/"]}]},{"@type":"WebSite","@id":"http:\/\/ideascale.com\/vi\/#website","url":"http:\/\/ideascale.com\/vi\/","name":"IdeaScale","description":"Enterprise Innovation Management Software","publisher":{"@id":"http:\/\/ideascale.com\/vi\/#organization"},"potentialAction":[{"@type":"SearchAction","target":{"@type":"EntryPoint","urlTemplate":"http:\/\/ideascale.com\/vi\/?s={search_term_string}"},"query-input":{"@type":"PropertyValueSpecification","valueRequired":true,"valueName":"search_term_string"}}],"inLanguage":"vi-VN"},{"@type":"Organization","@id":"http:\/\/ideascale.com\/vi\/#organization","name":"IdeaScale","url":"http:\/\/ideascale.com\/vi\/","logo":{"@type":"ImageObject","inLanguage":"vi-VN","@id":"http:\/\/ideascale.com\/vi\/#\/schema\/logo\/image\/","url":"https:\/\/ideascale.com\/wp-content\/uploads\/2024\/10\/IdeaScale-Logo.png","contentUrl":"https:\/\/ideascale.com\/wp-content\/uploads\/2024\/10\/IdeaScale-Logo.png","width":696,"height":696,"caption":"IdeaScale"},"image":{"@id":"http:\/\/ideascale.com\/vi\/#\/schema\/logo\/image\/"},"sameAs":["https:\/\/www.facebook.com\/ideascale","https:\/\/x.com\/ideascale","https:\/\/www.instagram.com\/ideascale\/","https:\/\/www.linkedin.com\/company\/ideascale\/","https:\/\/www.youtube.com\/@Ideascalesolution"]}]}},"_links":{"self":[{"href":"https:\/\/ideascale.com\/vi\/wp-json\/wp\/v2\/pages\/81208","targetHints":{"allow":["GET"]}}],"collection":[{"href":"https:\/\/ideascale.com\/vi\/wp-json\/wp\/v2\/pages"}],"about":[{"href":"https:\/\/ideascale.com\/vi\/wp-json\/wp\/v2\/types\/page"}],"author":[{"embeddable":true,"href":"https:\/\/ideascale.com\/vi\/wp-json\/wp\/v2\/users\/69"}],"replies":[{"embeddable":true,"href":"https:\/\/ideascale.com\/vi\/wp-json\/wp\/v2\/comments?post=81208"}],"version-history":[{"count":0,"href":"https:\/\/ideascale.com\/vi\/wp-json\/wp\/v2\/pages\/81208\/revisions"}],"wp:attachment":[{"href":"https:\/\/ideascale.com\/vi\/wp-json\/wp\/v2\/media?parent=81208"}],"curies":[{"name":"wp","href":"https:\/\/api.w.org\/{rel}","templated":true}]}}