{"id":77323,"date":"2022-08-23T09:31:12","date_gmt":"2022-08-23T13:31:12","guid":{"rendered":"https:\/\/ideascale.com\/equipos\/"},"modified":"2024-03-31T05:41:03","modified_gmt":"2024-03-31T09:41:03","slug":"equipos","status":"publish","type":"page","link":"https:\/\/ideascale.com\/es\/equipos\/","title":{"rendered":"Equipos"},"content":{"rendered":"<p><div class=\"fusion-fullwidth fullwidth-box fusion-builder-row-1 fusion-flex-container nonhundred-percent-fullwidth non-hundred-percent-height-scrolling\" style=\"--awb-border-radius-top-left:0px;--awb-border-radius-top-right:0px;--awb-border-radius-bottom-right:0px;--awb-border-radius-bottom-left:0px;--awb-padding-top:70px;--awb-padding-bottom:70px;--awb-flex-wrap:wrap;\" ><div class=\"fusion-builder-row fusion-row fusion-flex-align-items-flex-start fusion-flex-content-wrap\" style=\"max-width:1248px;margin-left: calc(-4% \/ 2 );margin-right: calc(-4% \/ 2 );\"><div class=\"fusion-layout-column fusion_builder_column fusion-builder-column-0 fusion_builder_column_1_1 1_1 fusion-flex-column fusion-flex-align-self-center\" style=\"--awb-bg-size:cover;--awb-width-large:100%;--awb-margin-top-large:0px;--awb-spacing-right-large:6.72%;--awb-margin-bottom-large:20px;--awb-spacing-left-large:6.72%;--awb-width-medium:100%;--awb-order-medium:0;--awb-spacing-right-medium:6.72%;--awb-spacing-left-medium:6.72%;--awb-width-small:100%;--awb-order-small:0;--awb-spacing-right-small:1.92%;--awb-spacing-left-small:1.92%;\"><div class=\"fusion-column-wrapper fusion-column-has-shadow fusion-flex-justify-content-flex-start fusion-content-layout-block\"><div class=\"fusion-title title fusion-title-1 fusion-sep-none fusion-title-center fusion-title-text fusion-title-size-two\" style=\"--awb-margin-top-small:10px;--awb-margin-right-small:0px;--awb-margin-bottom-small:10px;--awb-margin-left-small:0px;--awb-font-size:var(--awb-typography1-font-size);\"><h2 class=\"fusion-title-heading title-heading-center fusion-responsive-typography-calculated\" style=\"font-family:var(--awb-typography1-font-family);font-weight:var(--awb-typography1-font-weight);font-style:var(--awb-typography1-font-style);margin:0;letter-spacing:var(--awb-typography1-letter-spacing);text-transform:var(--awb-typography1-text-transform);font-size:1em;--fontSize:46;line-height:var(--awb-typography1-line-height);\">Aproveche el poder innovador de Microsoft Teams con IdeaScale<\/h2><\/div><div class=\"fusion-text fusion-text-1\" style=\"--awb-text-transform:none;\"><p style=\"text-align: center;\">Obt\u00e9n ideas de tu gente donde ya est\u00e1n: Microsoft Teams. A\u00f1ada f\u00e1cilmente innovaci\u00f3n a su colaboraci\u00f3n con la integraci\u00f3n de IdeaScale en Microsoft Teams.<\/p>\n<\/div><div class=\"fusion-aligncenter\"><a class=\"fusion-button button-flat button-large button-custom fusion-button-default button-1 fusion-button-default-span fusion-button-default-type\" style=\"--button_accent_color:#ffffff;--button_accent_hover_color:#ffffff;--button_border_hover_color:var(--awb-custom11);--button_gradient_top_color:var(--awb-color5);--button_gradient_bottom_color:var(--awb-color5);--button_gradient_top_color_hover:var(--awb-custom_color_6);--button_gradient_bottom_color_hover:var(--awb-custom_color_6);--button_margin-top:10px;\" target=\"_blank\" rel=\"noopener noreferrer\" href=\"https:\/\/www.microsoft.com\/en-us\/microsoft-teams\/group-chat-software\"><span class=\"fusion-button-text awb-button__text awb-button__text--default\">\u00bfQu\u00e9 es Microsoft Teams?<\/span><\/a><\/div><\/div><\/div><\/div><\/div><div class=\"fusion-fullwidth fullwidth-box fusion-builder-row-2 fusion-flex-container has-pattern-background has-mask-background nonhundred-percent-fullwidth non-hundred-percent-height-scrolling\" style=\"--awb-border-radius-top-left:0px;--awb-border-radius-top-right:0px;--awb-border-radius-bottom-right:0px;--awb-border-radius-bottom-left:0px;--awb-padding-top:80px;--awb-padding-bottom:70px;--awb-background-color:var(--awb-custom14);--awb-flex-wrap:wrap;\" ><div class=\"fusion-builder-row fusion-row fusion-flex-align-items-center fusion-flex-content-wrap\" style=\"max-width:1248px;margin-left: calc(-4% \/ 2 );margin-right: calc(-4% \/ 2 );\"><div class=\"fusion-layout-column fusion_builder_column fusion-builder-column-1 fusion_builder_column_1_2 1_2 fusion-flex-column\" style=\"--awb-bg-size:cover;--awb-width-large:50%;--awb-margin-top-large:0px;--awb-spacing-right-large:3.84%;--awb-margin-bottom-large:20px;--awb-spacing-left-large:3.84%;--awb-width-medium:50%;--awb-order-medium:0;--awb-spacing-right-medium:3.84%;--awb-spacing-left-medium:3.84%;--awb-width-small:100%;--awb-order-small:0;--awb-spacing-right-small:1.92%;--awb-spacing-left-small:1.92%;\"><div class=\"fusion-column-wrapper fusion-column-has-shadow fusion-flex-justify-content-flex-start fusion-content-layout-column\"><div class=\"fusion-image-element \" style=\"--awb-caption-title-font-family:var(--h2_typography-font-family);--awb-caption-title-font-weight:var(--h2_typography-font-weight);--awb-caption-title-font-style:var(--h2_typography-font-style);--awb-caption-title-size:var(--h2_typography-font-size);--awb-caption-title-transform:var(--h2_typography-text-transform);--awb-caption-title-line-height:var(--h2_typography-line-height);--awb-caption-title-letter-spacing:var(--h2_typography-letter-spacing);\"><span class=\" fusion-imageframe imageframe-none imageframe-1 hover-type-none\"><img decoding=\"async\" width=\"1200\" height=\"582\" title=\"ideascale-with-teams\" src=\"https:\/\/ideascale.com\/wp-content\/uploads\/2022\/08\/ideascale-with-teams.png\" data-orig-src=\"https:\/\/ideascale.com\/wp-content\/uploads\/2022\/08\/ideascale-with-teams.png\" alt class=\"lazyload img-responsive wp-image-65661\" srcset=\"data:image\/svg+xml,%3Csvg%20xmlns%3D%27http%3A%2F%2Fwww.w3.org%2F2000%2Fsvg%27%20width%3D%271200%27%20height%3D%27582%27%20viewBox%3D%270%200%201200%20582%27%3E%3Crect%20width%3D%271200%27%20height%3D%27582%27%20fill-opacity%3D%220%22%2F%3E%3C%2Fsvg%3E\" data-srcset=\"https:\/\/ideascale.com\/wp-content\/uploads\/2022\/08\/ideascale-with-teams-200x97.png 200w, https:\/\/ideascale.com\/wp-content\/uploads\/2022\/08\/ideascale-with-teams-400x194.png 400w, https:\/\/ideascale.com\/wp-content\/uploads\/2022\/08\/ideascale-with-teams-600x291.png 600w, https:\/\/ideascale.com\/wp-content\/uploads\/2022\/08\/ideascale-with-teams-800x388.png 800w, https:\/\/ideascale.com\/wp-content\/uploads\/2022\/08\/ideascale-with-teams.png 1200w\" data-sizes=\"auto\" data-orig-sizes=\"(max-width: 640px) 100vw, 600px\" \/><\/span><\/div><\/div><\/div><div class=\"fusion-layout-column fusion_builder_column fusion-builder-column-2 fusion_builder_column_1_2 1_2 fusion-flex-column\" style=\"--awb-bg-size:cover;--awb-width-large:50%;--awb-margin-top-large:0px;--awb-spacing-right-large:3.84%;--awb-margin-bottom-large:20px;--awb-spacing-left-large:3.84%;--awb-width-medium:50%;--awb-order-medium:0;--awb-spacing-right-medium:3.84%;--awb-spacing-left-medium:3.84%;--awb-width-small:100%;--awb-order-small:0;--awb-spacing-right-small:1.92%;--awb-spacing-left-small:1.92%;\"><div class=\"fusion-column-wrapper fusion-column-has-shadow fusion-flex-justify-content-flex-start fusion-content-layout-column\"><div class=\"fusion-title title fusion-title-2 fusion-sep-none fusion-title-text fusion-title-size-two\" style=\"--awb-margin-top-small:10px;--awb-margin-right-small:0px;--awb-margin-bottom-small:10px;--awb-margin-left-small:0px;--awb-font-size:var(--awb-typography2-font-size);\"><h2 class=\"fusion-title-heading title-heading-left fusion-responsive-typography-calculated\" style=\"font-family:var(--awb-typography2-font-family);font-weight:var(--awb-typography2-font-weight);font-style:var(--awb-typography2-font-style);margin:0;letter-spacing:var(--awb-typography2-letter-spacing);text-transform:var(--awb-typography2-text-transform);font-size:1em;--fontSize:36;line-height:var(--awb-typography2-line-height);\">IdeaScale con equipos<\/h2><\/div><div class=\"fusion-text fusion-text-2\" style=\"--awb-font-size:18px;--awb-line-height:1.7;--awb-letter-spacing:0.015em;--awb-text-transform:var(--awb-typography3-text-transform);--awb-text-font-family:&quot;Inter&quot;;--awb-text-font-style:normal;--awb-text-font-weight:300;\"><ul>\n<li>Compartir ideas directamente desde los equipos.<\/li>\n<li>Atrib\u00fayalo a la campa\u00f1a adecuada y todos los detalles pertinentes.<\/li>\n<li>Consulte las ideas de moda y los detalles de las campa\u00f1as.<\/li>\n<li>A\u00f1adir y aprobar ideas o miembros f\u00e1cilmente<\/li>\n<\/ul>\n<\/div><\/div><\/div><\/div><\/div><div class=\"fusion-fullwidth fullwidth-box fusion-builder-row-3 fusion-flex-container has-pattern-background has-mask-background nonhundred-percent-fullwidth non-hundred-percent-height-scrolling\" style=\"--awb-border-radius-top-left:0px;--awb-border-radius-top-right:0px;--awb-border-radius-bottom-right:0px;--awb-border-radius-bottom-left:0px;--awb-padding-top:70px;--awb-padding-bottom:70px;--awb-flex-wrap:wrap;\" ><div class=\"fusion-builder-row fusion-row fusion-flex-align-items-center fusion-flex-content-wrap\" style=\"max-width:1248px;margin-left: calc(-4% \/ 2 );margin-right: calc(-4% \/ 2 );\"><div class=\"fusion-layout-column fusion_builder_column fusion-builder-column-3 fusion_builder_column_1_2 1_2 fusion-flex-column\" style=\"--awb-bg-size:cover;--awb-width-large:50%;--awb-margin-top-large:0px;--awb-spacing-right-large:3.84%;--awb-margin-bottom-large:20px;--awb-spacing-left-large:3.84%;--awb-width-medium:50%;--awb-order-medium:0;--awb-spacing-right-medium:3.84%;--awb-spacing-left-medium:3.84%;--awb-width-small:100%;--awb-order-small:0;--awb-spacing-right-small:1.92%;--awb-spacing-left-small:1.92%;\"><div class=\"fusion-column-wrapper fusion-column-has-shadow fusion-flex-justify-content-flex-start fusion-content-layout-column\"><div class=\"fusion-title title fusion-title-3 fusion-sep-none fusion-title-text fusion-title-size-three\" style=\"--awb-margin-top-small:10px;--awb-margin-right-small:0px;--awb-margin-bottom-small:10px;--awb-margin-left-small:0px;--awb-font-size:var(--awb-typography2-font-size);\"><h3 class=\"fusion-title-heading title-heading-left fusion-responsive-typography-calculated\" style=\"font-family:var(--awb-typography2-font-family);font-weight:var(--awb-typography2-font-weight);font-style:var(--awb-typography2-font-style);margin:0;letter-spacing:var(--awb-typography2-letter-spacing);text-transform:var(--awb-typography2-text-transform);font-size:1em;--fontSize:36;line-height:var(--awb-typography2-line-height);\">C\u00f3mo instalar<\/h3><\/div><div class=\"fusion-text fusion-text-3\" style=\"--awb-font-size:var(--awb-typography4-font-size);--awb-line-height:var(--awb-typography4-line-height);--awb-text-font-family:var(--awb-typography4-font-family);--awb-text-font-weight:var(--awb-typography4-font-weight);--awb-text-font-style:var(--awb-typography4-font-style);\"><p><b>Paso 1.<\/b>  Descargar el archivo zip de integraci\u00f3n de Microsoft Teams (arriba)<\/p>\n<p><b>Segundo paso.<\/b>  Abrir Microsoft Teams.<\/p>\n<p><b>Paso 3.<\/b>  Vaya al men\u00fa Aplicaciones (abajo a la izquierda) y haga clic en \u00abCargar una aplicaci\u00f3n personalizada\u00bb.<\/p>\n<p><b>Paso 4.<\/b>  Cargue el archivo zip (puede ser necesaria alguna autorizaci\u00f3n administrativa).<\/p>\n<p><b>Paso 5.<\/b>  Cuando surja una buena idea, reg\u00edstrela f\u00e1cilmente en su comunidad IdeaScale. Los moderadores pueden aprobar las ideas entrantes o los nuevos miembros de la comunidad. Vea c\u00f3mo su comunidad se llena de buenas ideas sin tener que dirigir el tr\u00e1fico a un sitio completamente nuevo.<\/p>\n<\/div><div ><a class=\"fusion-button button-flat button-large button-custom fusion-button-default button-2 fusion-button-default-span fusion-button-default-type\" style=\"--button_accent_color:#ffffff;--button_accent_hover_color:#ffffff;--button_border_hover_color:var(--awb-custom11);--button_gradient_top_color:var(--awb-color5);--button_gradient_bottom_color:var(--awb-color5);--button_gradient_top_color_hover:var(--awb-custom_color_6);--button_gradient_bottom_color_hover:var(--awb-custom_color_6);--button_margin-top:20px;\" target=\"_self\" href=\"https:\/\/teamsapp.ideascale.net\/manifest\"><span class=\"fusion-button-text awb-button__text awb-button__text--default\">Descargar la integraci\u00f3n de Microsoft Teams<\/span><\/a><\/div><\/div><\/div><div class=\"fusion-layout-column fusion_builder_column fusion-builder-column-4 fusion_builder_column_1_2 1_2 fusion-flex-column\" style=\"--awb-bg-size:cover;--awb-width-large:50%;--awb-margin-top-large:0px;--awb-spacing-right-large:3.84%;--awb-margin-bottom-large:20px;--awb-spacing-left-large:3.84%;--awb-width-medium:50%;--awb-order-medium:0;--awb-spacing-right-medium:3.84%;--awb-spacing-left-medium:3.84%;--awb-width-small:100%;--awb-order-small:0;--awb-spacing-right-small:1.92%;--awb-spacing-left-small:1.92%;\"><div class=\"fusion-column-wrapper fusion-column-has-shadow fusion-flex-justify-content-flex-start fusion-content-layout-column\"><div class=\"fusion-image-element \" style=\"--awb-caption-title-font-family:var(--h2_typography-font-family);--awb-caption-title-font-weight:var(--h2_typography-font-weight);--awb-caption-title-font-style:var(--h2_typography-font-style);--awb-caption-title-size:var(--h2_typography-font-size);--awb-caption-title-transform:var(--h2_typography-text-transform);--awb-caption-title-line-height:var(--h2_typography-line-height);--awb-caption-title-letter-spacing:var(--h2_typography-letter-spacing);\"><span class=\" fusion-imageframe imageframe-none imageframe-2 hover-type-none\"><img decoding=\"async\" width=\"576\" height=\"550\" title=\"ms-teams-v1\" src=\"https:\/\/ideascale.com\/wp-content\/uploads\/2022\/08\/ms-teams-v1.png\" data-orig-src=\"https:\/\/ideascale.com\/wp-content\/uploads\/2022\/08\/ms-teams-v1.png\" alt class=\"lazyload img-responsive wp-image-65660\" srcset=\"data:image\/svg+xml,%3Csvg%20xmlns%3D%27http%3A%2F%2Fwww.w3.org%2F2000%2Fsvg%27%20width%3D%27576%27%20height%3D%27550%27%20viewBox%3D%270%200%20576%20550%27%3E%3Crect%20width%3D%27576%27%20height%3D%27550%27%20fill-opacity%3D%220%22%2F%3E%3C%2Fsvg%3E\" data-srcset=\"https:\/\/ideascale.com\/wp-content\/uploads\/2022\/08\/ms-teams-v1-200x191.png 200w, https:\/\/ideascale.com\/wp-content\/uploads\/2022\/08\/ms-teams-v1-400x382.png 400w, https:\/\/ideascale.com\/wp-content\/uploads\/2022\/08\/ms-teams-v1.png 576w\" data-sizes=\"auto\" data-orig-sizes=\"(max-width: 640px) 100vw, 576px\" \/><\/span><\/div><\/div><\/div><\/div><\/div><\/p>\n","protected":false},"excerpt":{"rendered":"","protected":false},"author":68,"featured_media":93356,"parent":0,"menu_order":0,"comment_status":"closed","ping_status":"closed","template":"100-width.php","meta":{"footnotes":""},"class_list":["post-77323","page","type-page","status-publish","has-post-thumbnail","hentry"],"yoast_head":"<!-- This site is optimized with the Yoast SEO plugin v27.2 - https:\/\/yoast.com\/product\/yoast-seo-wordpress\/ -->\n<title>Equipos - IdeaScale<\/title>\n<meta name=\"description\" content=\"Microsoft Teams. A\u00f1ada f\u00e1cilmente innovaci\u00f3n a su colaboraci\u00f3n con la integraci\u00f3n de IdeaScale en Microsoft Teams.\" \/>\n<meta name=\"robots\" content=\"index, follow, max-snippet:-1, max-image-preview:large, max-video-preview:-1\" \/>\n<link rel=\"canonical\" href=\"https:\/\/ideascale.com\/es\/equipos\/\" \/>\n<meta property=\"og:locale\" content=\"es_ES\" \/>\n<meta property=\"og:type\" content=\"article\" \/>\n<meta property=\"og:title\" content=\"Equipos - IdeaScale\" \/>\n<meta property=\"og:description\" content=\"Microsoft Teams. A\u00f1ada f\u00e1cilmente innovaci\u00f3n a su colaboraci\u00f3n con la integraci\u00f3n de IdeaScale en Microsoft Teams.\" \/>\n<meta property=\"og:url\" content=\"https:\/\/ideascale.com\/es\/equipos\/\" \/>\n<meta property=\"og:site_name\" content=\"IdeaScale\" \/>\n<meta property=\"article:publisher\" content=\"https:\/\/www.facebook.com\/ideascale\" \/>\n<meta property=\"article:modified_time\" content=\"2024-03-31T09:41:03+00:00\" \/>\n<meta property=\"og:image\" content=\"https:\/\/ideascale.com\/wp-content\/uploads\/2025\/07\/IdeaScale-Idea-and-Innovation-Management-Software.jpg\" \/>\n\t<meta property=\"og:image:width\" content=\"1280\" \/>\n\t<meta property=\"og:image:height\" content=\"720\" \/>\n\t<meta property=\"og:image:type\" content=\"image\/jpeg\" \/>\n<meta name=\"twitter:card\" content=\"summary_large_image\" \/>\n<meta name=\"twitter:site\" content=\"@ideascale\" \/>\n<meta name=\"twitter:label1\" content=\"Tiempo de lectura\" \/>\n\t<meta name=\"twitter:data1\" content=\"13 minutos\" \/>\n<script type=\"application\/ld+json\" class=\"yoast-schema-graph\">{\"@context\":\"https:\/\/schema.org\",\"@graph\":[{\"@type\":\"WebPage\",\"@id\":\"https:\/\/ideascale.com\/es\/equipos\/\",\"url\":\"https:\/\/ideascale.com\/es\/equipos\/\",\"name\":\"Equipos - IdeaScale\",\"isPartOf\":{\"@id\":\"http:\/\/ideascale.com\/es\/#website\"},\"primaryImageOfPage\":{\"@id\":\"https:\/\/ideascale.com\/es\/equipos\/#primaryimage\"},\"image\":{\"@id\":\"https:\/\/ideascale.com\/es\/equipos\/#primaryimage\"},\"thumbnailUrl\":\"https:\/\/ideascale.com\/wp-content\/uploads\/2025\/05\/IdeaScale_MS-Teams-Integration.png\",\"datePublished\":\"2022-08-23T13:31:12+00:00\",\"dateModified\":\"2024-03-31T09:41:03+00:00\",\"description\":\"Microsoft Teams. A\u00f1ada f\u00e1cilmente innovaci\u00f3n a su colaboraci\u00f3n con la integraci\u00f3n de IdeaScale en Microsoft Teams.\",\"inLanguage\":\"es\",\"potentialAction\":[{\"@type\":\"ReadAction\",\"target\":[\"https:\/\/ideascale.com\/es\/equipos\/\"]}]},{\"@type\":\"ImageObject\",\"inLanguage\":\"es\",\"@id\":\"https:\/\/ideascale.com\/es\/equipos\/#primaryimage\",\"url\":\"https:\/\/ideascale.com\/wp-content\/uploads\/2025\/05\/IdeaScale_MS-Teams-Integration.png\",\"contentUrl\":\"https:\/\/ideascale.com\/wp-content\/uploads\/2025\/05\/IdeaScale_MS-Teams-Integration.png\",\"width\":1326,\"height\":941,\"caption\":\"IdeaScale and MS Teams Integration\"},{\"@type\":\"WebSite\",\"@id\":\"http:\/\/ideascale.com\/es\/#website\",\"url\":\"http:\/\/ideascale.com\/es\/\",\"name\":\"IdeaScale\",\"description\":\"Enterprise Innovation Management Software\",\"publisher\":{\"@id\":\"http:\/\/ideascale.com\/es\/#organization\"},\"potentialAction\":[{\"@type\":\"SearchAction\",\"target\":{\"@type\":\"EntryPoint\",\"urlTemplate\":\"http:\/\/ideascale.com\/es\/?s={search_term_string}\"},\"query-input\":{\"@type\":\"PropertyValueSpecification\",\"valueRequired\":true,\"valueName\":\"search_term_string\"}}],\"inLanguage\":\"es\"},{\"@type\":\"Organization\",\"@id\":\"http:\/\/ideascale.com\/es\/#organization\",\"name\":\"IdeaScale\",\"url\":\"http:\/\/ideascale.com\/es\/\",\"logo\":{\"@type\":\"ImageObject\",\"inLanguage\":\"es\",\"@id\":\"http:\/\/ideascale.com\/es\/#\/schema\/logo\/image\/\",\"url\":\"https:\/\/ideascale.com\/wp-content\/uploads\/2024\/10\/IdeaScale-Logo.png\",\"contentUrl\":\"https:\/\/ideascale.com\/wp-content\/uploads\/2024\/10\/IdeaScale-Logo.png\",\"width\":696,\"height\":696,\"caption\":\"IdeaScale\"},\"image\":{\"@id\":\"http:\/\/ideascale.com\/es\/#\/schema\/logo\/image\/\"},\"sameAs\":[\"https:\/\/www.facebook.com\/ideascale\",\"https:\/\/x.com\/ideascale\",\"https:\/\/www.instagram.com\/ideascale\/\",\"https:\/\/www.linkedin.com\/company\/ideascale\/\",\"https:\/\/www.youtube.com\/@Ideascalesolution\"]}]}<\/script>\n<!-- \/ Yoast SEO plugin. -->","yoast_head_json":{"title":"Equipos - IdeaScale","description":"Microsoft Teams. A\u00f1ada f\u00e1cilmente innovaci\u00f3n a su colaboraci\u00f3n con la integraci\u00f3n de IdeaScale en Microsoft Teams.","robots":{"index":"index","follow":"follow","max-snippet":"max-snippet:-1","max-image-preview":"max-image-preview:large","max-video-preview":"max-video-preview:-1"},"canonical":"https:\/\/ideascale.com\/es\/equipos\/","og_locale":"es_ES","og_type":"article","og_title":"Equipos - IdeaScale","og_description":"Microsoft Teams. A\u00f1ada f\u00e1cilmente innovaci\u00f3n a su colaboraci\u00f3n con la integraci\u00f3n de IdeaScale en Microsoft Teams.","og_url":"https:\/\/ideascale.com\/es\/equipos\/","og_site_name":"IdeaScale","article_publisher":"https:\/\/www.facebook.com\/ideascale","article_modified_time":"2024-03-31T09:41:03+00:00","og_image":[{"width":1280,"height":720,"url":"https:\/\/ideascale.com\/wp-content\/uploads\/2025\/07\/IdeaScale-Idea-and-Innovation-Management-Software.jpg","type":"image\/jpeg"}],"twitter_card":"summary_large_image","twitter_site":"@ideascale","twitter_misc":{"Tiempo de lectura":"13 minutos"},"schema":{"@context":"https:\/\/schema.org","@graph":[{"@type":"WebPage","@id":"https:\/\/ideascale.com\/es\/equipos\/","url":"https:\/\/ideascale.com\/es\/equipos\/","name":"Equipos - IdeaScale","isPartOf":{"@id":"http:\/\/ideascale.com\/es\/#website"},"primaryImageOfPage":{"@id":"https:\/\/ideascale.com\/es\/equipos\/#primaryimage"},"image":{"@id":"https:\/\/ideascale.com\/es\/equipos\/#primaryimage"},"thumbnailUrl":"https:\/\/ideascale.com\/wp-content\/uploads\/2025\/05\/IdeaScale_MS-Teams-Integration.png","datePublished":"2022-08-23T13:31:12+00:00","dateModified":"2024-03-31T09:41:03+00:00","description":"Microsoft Teams. A\u00f1ada f\u00e1cilmente innovaci\u00f3n a su colaboraci\u00f3n con la integraci\u00f3n de IdeaScale en Microsoft Teams.","inLanguage":"es","potentialAction":[{"@type":"ReadAction","target":["https:\/\/ideascale.com\/es\/equipos\/"]}]},{"@type":"ImageObject","inLanguage":"es","@id":"https:\/\/ideascale.com\/es\/equipos\/#primaryimage","url":"https:\/\/ideascale.com\/wp-content\/uploads\/2025\/05\/IdeaScale_MS-Teams-Integration.png","contentUrl":"https:\/\/ideascale.com\/wp-content\/uploads\/2025\/05\/IdeaScale_MS-Teams-Integration.png","width":1326,"height":941,"caption":"IdeaScale and MS Teams Integration"},{"@type":"WebSite","@id":"http:\/\/ideascale.com\/es\/#website","url":"http:\/\/ideascale.com\/es\/","name":"IdeaScale","description":"Enterprise Innovation Management Software","publisher":{"@id":"http:\/\/ideascale.com\/es\/#organization"},"potentialAction":[{"@type":"SearchAction","target":{"@type":"EntryPoint","urlTemplate":"http:\/\/ideascale.com\/es\/?s={search_term_string}"},"query-input":{"@type":"PropertyValueSpecification","valueRequired":true,"valueName":"search_term_string"}}],"inLanguage":"es"},{"@type":"Organization","@id":"http:\/\/ideascale.com\/es\/#organization","name":"IdeaScale","url":"http:\/\/ideascale.com\/es\/","logo":{"@type":"ImageObject","inLanguage":"es","@id":"http:\/\/ideascale.com\/es\/#\/schema\/logo\/image\/","url":"https:\/\/ideascale.com\/wp-content\/uploads\/2024\/10\/IdeaScale-Logo.png","contentUrl":"https:\/\/ideascale.com\/wp-content\/uploads\/2024\/10\/IdeaScale-Logo.png","width":696,"height":696,"caption":"IdeaScale"},"image":{"@id":"http:\/\/ideascale.com\/es\/#\/schema\/logo\/image\/"},"sameAs":["https:\/\/www.facebook.com\/ideascale","https:\/\/x.com\/ideascale","https:\/\/www.instagram.com\/ideascale\/","https:\/\/www.linkedin.com\/company\/ideascale\/","https:\/\/www.youtube.com\/@Ideascalesolution"]}]}},"_links":{"self":[{"href":"https:\/\/ideascale.com\/es\/wp-json\/wp\/v2\/pages\/77323","targetHints":{"allow":["GET"]}}],"collection":[{"href":"https:\/\/ideascale.com\/es\/wp-json\/wp\/v2\/pages"}],"about":[{"href":"https:\/\/ideascale.com\/es\/wp-json\/wp\/v2\/types\/page"}],"author":[{"embeddable":true,"href":"https:\/\/ideascale.com\/es\/wp-json\/wp\/v2\/users\/68"}],"replies":[{"embeddable":true,"href":"https:\/\/ideascale.com\/es\/wp-json\/wp\/v2\/comments?post=77323"}],"version-history":[{"count":0,"href":"https:\/\/ideascale.com\/es\/wp-json\/wp\/v2\/pages\/77323\/revisions"}],"wp:featuredmedia":[{"embeddable":true,"href":"https:\/\/ideascale.com\/es\/wp-json\/wp\/v2\/media\/93356"}],"wp:attachment":[{"href":"https:\/\/ideascale.com\/es\/wp-json\/wp\/v2\/media?parent=77323"}],"curies":[{"name":"wp","href":"https:\/\/api.w.org\/{rel}","templated":true}]}}