{"id":69224,"date":"2022-08-12T00:00:18","date_gmt":"2022-08-12T04:00:18","guid":{"rendered":"http:\/\/ideascale.com\/sicherheitskonformitaet\/"},"modified":"2024-01-17T03:28:09","modified_gmt":"2024-01-17T07:28:09","slug":"sicherheitskonformitaet","status":"publish","type":"page","link":"https:\/\/ideascale.com\/de\/sicherheitskonformitaet\/","title":{"rendered":"Sicherheit und Einhaltung von Vorschriften"},"content":{"rendered":"<div class=\"fusion-fullwidth fullwidth-box fusion-builder-row-1 fusion-flex-container has-pattern-background has-mask-background nonhundred-percent-fullwidth non-hundred-percent-height-scrolling\" style=\"--awb-border-color:#ffffff;--awb-border-radius-top-left:0px;--awb-border-radius-top-right:0px;--awb-border-radius-bottom-right:0px;--awb-border-radius-bottom-left:0px;--awb-padding-top:70px;--awb-padding-bottom:60px;--awb-padding-right-medium:50px;--awb-padding-left-medium:50px;--awb-padding-right-small:30px;--awb-padding-left-small:30px;--awb-margin-top:0px;--awb-margin-bottom:0px;--awb-background-color:#ffffff;--awb-flex-wrap:wrap;\" ><div class=\"fusion-builder-row fusion-row fusion-flex-align-items-stretch fusion-flex-align-content-space-evenly fusion-flex-content-wrap\" style=\"max-width:1248px;margin-left: calc(-4% \/ 2 );margin-right: calc(-4% \/ 2 );\"><div class=\"fusion-layout-column fusion_builder_column fusion-builder-column-0 fusion_builder_column_1_1 1_1 fusion-flex-column\" style=\"--awb-bg-size:cover;--awb-width-large:100%;--awb-margin-top-large:0px;--awb-spacing-right-large:1.92%;--awb-margin-bottom-large:0px;--awb-spacing-left-large:1.92%;--awb-width-medium:100%;--awb-order-medium:0;--awb-spacing-right-medium:1.92%;--awb-spacing-left-medium:1.92%;--awb-width-small:100%;--awb-order-small:0;--awb-spacing-right-small:1.92%;--awb-spacing-left-small:1.92%;\"><div class=\"fusion-column-wrapper fusion-column-has-shadow fusion-flex-justify-content-flex-start fusion-content-layout-column\"><div class=\"fusion-text fusion-text-1\"><p>Bei IdeaScale hat die Sicherheit der Kundendaten h\u00f6chste Priorit\u00e4t. IdeaScale verpflichtet sich zur Vertraulichkeit, Integrit\u00e4t und Verf\u00fcgbarkeit aller Informationen innerhalb seines Systems. Die Mitarbeiter von IdeaScale arbeiten t\u00e4glich daran, die Sicherheitsrichtlinien, -verfahren und -kontrollen so zu verst\u00e4rken, dass sie den weltweit anspruchsvollsten Informationssicherheitsstandards entsprechen.<\/p>\n<p><a href=\"https:\/\/ideascale.com\/de\/kontakt\/\">Wenn Sie weitere Fragen haben, senden Sie uns bitte eine Nachricht.<\/a><\/p>\n<\/div><\/div><\/div><\/div><\/div>\n","protected":false},"excerpt":{"rendered":"","protected":false},"author":63,"featured_media":0,"parent":0,"menu_order":0,"comment_status":"closed","ping_status":"closed","template":"100-width.php","meta":{"footnotes":""},"class_list":["post-69224","page","type-page","status-publish","hentry"],"yoast_head":"<!-- This site is optimized with the Yoast SEO plugin v27.2 - https:\/\/yoast.com\/product\/yoast-seo-wordpress\/ -->\n<title>Sicherheit und Einhaltung von Vorschriften - IdeaScale<\/title>\n<meta name=\"description\" content=\"IdeaScale bietet Sicherheits- und Compliance-Ma\u00dfnahmen f\u00fcr Ihr Innovationsprogramm. Sch\u00fctzen Sie Ihre Daten und Ihr geistiges Eigentum mit Vertrauen.\" \/>\n<meta name=\"robots\" content=\"index, follow, max-snippet:-1, max-image-preview:large, max-video-preview:-1\" \/>\n<link rel=\"canonical\" href=\"https:\/\/ideascale.com\/de\/sicherheitskonformitaet\/\" \/>\n<meta property=\"og:locale\" content=\"de_DE\" \/>\n<meta property=\"og:type\" content=\"article\" \/>\n<meta property=\"og:title\" content=\"Sicherheit und Einhaltung von Vorschriften - IdeaScale\" \/>\n<meta property=\"og:description\" content=\"IdeaScale bietet Sicherheits- und Compliance-Ma\u00dfnahmen f\u00fcr Ihr Innovationsprogramm. Sch\u00fctzen Sie Ihre Daten und Ihr geistiges Eigentum mit Vertrauen.\" \/>\n<meta property=\"og:url\" content=\"https:\/\/ideascale.com\/de\/sicherheitskonformitaet\/\" \/>\n<meta property=\"og:site_name\" content=\"IdeaScale\" \/>\n<meta property=\"article:publisher\" content=\"https:\/\/www.facebook.com\/ideascale\" \/>\n<meta property=\"article:modified_time\" content=\"2024-01-17T07:28:09+00:00\" \/>\n<meta property=\"og:image\" content=\"https:\/\/ideascale.com\/wp-content\/uploads\/2025\/07\/IdeaScale-Idea-and-Innovation-Management-Software.jpg\" \/>\n\t<meta property=\"og:image:width\" content=\"1280\" \/>\n\t<meta property=\"og:image:height\" content=\"720\" \/>\n\t<meta property=\"og:image:type\" content=\"image\/jpeg\" \/>\n<meta name=\"twitter:card\" content=\"summary_large_image\" \/>\n<meta name=\"twitter:site\" content=\"@ideascale\" \/>\n<meta name=\"twitter:label1\" content=\"Gesch\u00e4tzte Lesezeit\" \/>\n\t<meta name=\"twitter:data1\" content=\"2\u00a0Minuten\" \/>\n<script type=\"application\/ld+json\" class=\"yoast-schema-graph\">{\"@context\":\"https:\/\/schema.org\",\"@graph\":[{\"@type\":\"WebPage\",\"@id\":\"https:\/\/ideascale.com\/de\/sicherheitskonformitaet\/\",\"url\":\"https:\/\/ideascale.com\/de\/sicherheitskonformitaet\/\",\"name\":\"Sicherheit und Einhaltung von Vorschriften - IdeaScale\",\"isPartOf\":{\"@id\":\"http:\/\/ideascale.com\/de\/#website\"},\"datePublished\":\"2022-08-12T04:00:18+00:00\",\"dateModified\":\"2024-01-17T07:28:09+00:00\",\"description\":\"IdeaScale bietet Sicherheits- und Compliance-Ma\u00dfnahmen f\u00fcr Ihr Innovationsprogramm. Sch\u00fctzen Sie Ihre Daten und Ihr geistiges Eigentum mit Vertrauen.\",\"inLanguage\":\"de\",\"potentialAction\":[{\"@type\":\"ReadAction\",\"target\":[\"https:\/\/ideascale.com\/de\/sicherheitskonformitaet\/\"]}]},{\"@type\":\"WebSite\",\"@id\":\"http:\/\/ideascale.com\/de\/#website\",\"url\":\"http:\/\/ideascale.com\/de\/\",\"name\":\"IdeaScale\",\"description\":\"Enterprise Innovation Management Software\",\"publisher\":{\"@id\":\"http:\/\/ideascale.com\/de\/#organization\"},\"potentialAction\":[{\"@type\":\"SearchAction\",\"target\":{\"@type\":\"EntryPoint\",\"urlTemplate\":\"http:\/\/ideascale.com\/de\/?s={search_term_string}\"},\"query-input\":{\"@type\":\"PropertyValueSpecification\",\"valueRequired\":true,\"valueName\":\"search_term_string\"}}],\"inLanguage\":\"de\"},{\"@type\":\"Organization\",\"@id\":\"http:\/\/ideascale.com\/de\/#organization\",\"name\":\"IdeaScale\",\"url\":\"http:\/\/ideascale.com\/de\/\",\"logo\":{\"@type\":\"ImageObject\",\"inLanguage\":\"de\",\"@id\":\"http:\/\/ideascale.com\/de\/#\/schema\/logo\/image\/\",\"url\":\"https:\/\/ideascale.com\/wp-content\/uploads\/2024\/10\/IdeaScale-Logo.png\",\"contentUrl\":\"https:\/\/ideascale.com\/wp-content\/uploads\/2024\/10\/IdeaScale-Logo.png\",\"width\":696,\"height\":696,\"caption\":\"IdeaScale\"},\"image\":{\"@id\":\"http:\/\/ideascale.com\/de\/#\/schema\/logo\/image\/\"},\"sameAs\":[\"https:\/\/www.facebook.com\/ideascale\",\"https:\/\/x.com\/ideascale\",\"https:\/\/www.instagram.com\/ideascale\/\",\"https:\/\/www.linkedin.com\/company\/ideascale\/\",\"https:\/\/www.youtube.com\/@Ideascalesolution\"]}]}<\/script>\n<!-- \/ Yoast SEO plugin. -->","yoast_head_json":{"title":"Sicherheit und Einhaltung von Vorschriften - IdeaScale","description":"IdeaScale bietet Sicherheits- und Compliance-Ma\u00dfnahmen f\u00fcr Ihr Innovationsprogramm. Sch\u00fctzen Sie Ihre Daten und Ihr geistiges Eigentum mit Vertrauen.","robots":{"index":"index","follow":"follow","max-snippet":"max-snippet:-1","max-image-preview":"max-image-preview:large","max-video-preview":"max-video-preview:-1"},"canonical":"https:\/\/ideascale.com\/de\/sicherheitskonformitaet\/","og_locale":"de_DE","og_type":"article","og_title":"Sicherheit und Einhaltung von Vorschriften - IdeaScale","og_description":"IdeaScale bietet Sicherheits- und Compliance-Ma\u00dfnahmen f\u00fcr Ihr Innovationsprogramm. Sch\u00fctzen Sie Ihre Daten und Ihr geistiges Eigentum mit Vertrauen.","og_url":"https:\/\/ideascale.com\/de\/sicherheitskonformitaet\/","og_site_name":"IdeaScale","article_publisher":"https:\/\/www.facebook.com\/ideascale","article_modified_time":"2024-01-17T07:28:09+00:00","og_image":[{"width":1280,"height":720,"url":"https:\/\/ideascale.com\/wp-content\/uploads\/2025\/07\/IdeaScale-Idea-and-Innovation-Management-Software.jpg","type":"image\/jpeg"}],"twitter_card":"summary_large_image","twitter_site":"@ideascale","twitter_misc":{"Gesch\u00e4tzte Lesezeit":"2\u00a0Minuten"},"schema":{"@context":"https:\/\/schema.org","@graph":[{"@type":"WebPage","@id":"https:\/\/ideascale.com\/de\/sicherheitskonformitaet\/","url":"https:\/\/ideascale.com\/de\/sicherheitskonformitaet\/","name":"Sicherheit und Einhaltung von Vorschriften - IdeaScale","isPartOf":{"@id":"http:\/\/ideascale.com\/de\/#website"},"datePublished":"2022-08-12T04:00:18+00:00","dateModified":"2024-01-17T07:28:09+00:00","description":"IdeaScale bietet Sicherheits- und Compliance-Ma\u00dfnahmen f\u00fcr Ihr Innovationsprogramm. Sch\u00fctzen Sie Ihre Daten und Ihr geistiges Eigentum mit Vertrauen.","inLanguage":"de","potentialAction":[{"@type":"ReadAction","target":["https:\/\/ideascale.com\/de\/sicherheitskonformitaet\/"]}]},{"@type":"WebSite","@id":"http:\/\/ideascale.com\/de\/#website","url":"http:\/\/ideascale.com\/de\/","name":"IdeaScale","description":"Enterprise Innovation Management Software","publisher":{"@id":"http:\/\/ideascale.com\/de\/#organization"},"potentialAction":[{"@type":"SearchAction","target":{"@type":"EntryPoint","urlTemplate":"http:\/\/ideascale.com\/de\/?s={search_term_string}"},"query-input":{"@type":"PropertyValueSpecification","valueRequired":true,"valueName":"search_term_string"}}],"inLanguage":"de"},{"@type":"Organization","@id":"http:\/\/ideascale.com\/de\/#organization","name":"IdeaScale","url":"http:\/\/ideascale.com\/de\/","logo":{"@type":"ImageObject","inLanguage":"de","@id":"http:\/\/ideascale.com\/de\/#\/schema\/logo\/image\/","url":"https:\/\/ideascale.com\/wp-content\/uploads\/2024\/10\/IdeaScale-Logo.png","contentUrl":"https:\/\/ideascale.com\/wp-content\/uploads\/2024\/10\/IdeaScale-Logo.png","width":696,"height":696,"caption":"IdeaScale"},"image":{"@id":"http:\/\/ideascale.com\/de\/#\/schema\/logo\/image\/"},"sameAs":["https:\/\/www.facebook.com\/ideascale","https:\/\/x.com\/ideascale","https:\/\/www.instagram.com\/ideascale\/","https:\/\/www.linkedin.com\/company\/ideascale\/","https:\/\/www.youtube.com\/@Ideascalesolution"]}]}},"_links":{"self":[{"href":"https:\/\/ideascale.com\/de\/wp-json\/wp\/v2\/pages\/69224","targetHints":{"allow":["GET"]}}],"collection":[{"href":"https:\/\/ideascale.com\/de\/wp-json\/wp\/v2\/pages"}],"about":[{"href":"https:\/\/ideascale.com\/de\/wp-json\/wp\/v2\/types\/page"}],"author":[{"embeddable":true,"href":"https:\/\/ideascale.com\/de\/wp-json\/wp\/v2\/users\/63"}],"replies":[{"embeddable":true,"href":"https:\/\/ideascale.com\/de\/wp-json\/wp\/v2\/comments?post=69224"}],"version-history":[{"count":0,"href":"https:\/\/ideascale.com\/de\/wp-json\/wp\/v2\/pages\/69224\/revisions"}],"wp:attachment":[{"href":"https:\/\/ideascale.com\/de\/wp-json\/wp\/v2\/media?parent=69224"}],"curies":[{"name":"wp","href":"https:\/\/api.w.org\/{rel}","templated":true}]}}