{"id":69135,"date":"2022-08-18T14:28:23","date_gmt":"2022-08-18T18:28:23","guid":{"rendered":"http:\/\/ideascale.com\/ideascale-karriere\/"},"modified":"2024-01-17T03:13:42","modified_gmt":"2024-01-17T07:13:42","slug":"ideascale-karriere","status":"publish","type":"page","link":"https:\/\/ideascale.com\/de\/ideascale-karriere\/","title":{"rendered":"Karriere"},"content":{"rendered":"<div class=\"fusion-fullwidth fullwidth-box fusion-builder-row-1 fusion-flex-container nonhundred-percent-fullwidth non-hundred-percent-height-scrolling\" style=\"--awb-border-color:#ffffff;--awb-border-radius-top-left:0px;--awb-border-radius-top-right:0px;--awb-border-radius-bottom-right:0px;--awb-border-radius-bottom-left:0px;--awb-padding-top:80px;--awb-padding-bottom:67px;--awb-padding-right-medium:50px;--awb-padding-left-medium:50px;--awb-padding-right-small:20px;--awb-padding-left-small:20px;--awb-margin-bottom:0px;--awb-background-color:var(--awb-color1);--awb-flex-wrap:wrap;\" ><div class=\"fusion-builder-row fusion-row fusion-flex-align-items-center fusion-flex-align-content-space-evenly fusion-flex-justify-content-space-evenly fusion-flex-content-wrap\" style=\"max-width:1248px;margin-left: calc(-4% \/ 2 );margin-right: calc(-4% \/ 2 );\"><div class=\"fusion-layout-column fusion_builder_column fusion-builder-column-0 fusion_builder_column_1_1 1_1 fusion-flex-column\" style=\"--awb-bg-size:cover;--awb-width-large:100%;--awb-margin-top-large:0px;--awb-spacing-right-large:1.92%;--awb-margin-bottom-large:20px;--awb-spacing-left-large:1.92%;--awb-width-medium:100%;--awb-order-medium:0;--awb-spacing-right-medium:1.92%;--awb-spacing-left-medium:1.92%;--awb-width-small:100%;--awb-order-small:0;--awb-spacing-right-small:1.92%;--awb-spacing-left-small:1.92%;\"><div class=\"fusion-column-wrapper fusion-column-has-shadow fusion-flex-justify-content-flex-start fusion-content-layout-column\"><div class=\"fusion-builder-row fusion-builder-row-inner fusion-row fusion-flex-align-items-center fusion-flex-align-content-space-evenly fusion-flex-justify-content-space-evenly fusion-flex-content-wrap\" style=\"--awb-flex-grow:0;--awb-flex-grow-medium:0;--awb-flex-grow-small:0;--awb-flex-shrink:0;--awb-flex-shrink-medium:0;--awb-flex-shrink-small:0;width:104% !important;max-width:104% !important;margin-left: calc(-4% \/ 2 );margin-right: calc(-4% \/ 2 );\"><div class=\"fusion-layout-column fusion_builder_column_inner fusion-builder-nested-column-0 fusion_builder_column_inner_1_2 1_2 fusion-flex-column fusion-flex-align-self-center\" style=\"--awb-bg-size:cover;--awb-width-large:50%;--awb-margin-top-large:0px;--awb-spacing-right-large:3.84%;--awb-margin-bottom-large:20px;--awb-spacing-left-large:3.84%;--awb-width-medium:50%;--awb-order-medium:0;--awb-spacing-right-medium:3.84%;--awb-spacing-left-medium:3.84%;--awb-width-small:100%;--awb-order-small:0;--awb-spacing-right-small:1.92%;--awb-spacing-left-small:1.92%;\"><div class=\"fusion-column-wrapper fusion-column-has-shadow fusion-flex-justify-content-flex-start fusion-content-layout-column\"><div class=\"fusion-title title fusion-title-1 fusion-sep-none fusion-title-text fusion-title-size-two\" style=\"--awb-margin-bottom:35px;--awb-margin-top-small:10px;--awb-margin-right-small:0px;--awb-margin-bottom-small:10px;--awb-margin-left-small:0px;--awb-font-size:var(--awb-typography2-font-size);\"><h2 class=\"fusion-title-heading title-heading-left fusion-responsive-typography-calculated\" style=\"font-family:var(--awb-custom_typography_1-font-family);font-weight:var(--awb-custom_typography_1-font-weight);font-style:var(--awb-custom_typography_1-font-style);margin:0;letter-spacing:var(--awb-typography2-letter-spacing);text-transform:var(--awb-typography2-text-transform);font-size:1em;--fontSize:36;line-height:var(--awb-typography2-line-height);\">Werden Sie Teil unseres Teams von Innovationsexperten!<\/h2><\/div><div class=\"fusion-text fusion-text-1 fusion-text-no-margin\" style=\"--awb-margin-bottom:35px;\"><p>IdeaScale ist stolz auf ein einzigartiges Leistungspaket und eine Atmosph\u00e4re der Zusammenarbeit und Freude. Das bedeutet, dass wir uns ein flexibles Arbeitsmodell zu eigen machen und gleichzeitig die hohen Rentabilit\u00e4tsstandards des Unternehmens aufrechterhalten.<\/p>\n<p>Personen, die sich unserem Team anschlie\u00dfen, sollten begeisterte Verfechter von Innovation, Crowdsourcing und organisatorischem Ver\u00e4nderungsmanagement sein. Schlie\u00dflich k\u00f6nnen gute Ideen von \u00fcberall her kommen, und wir denken, dass das bedeutet, dass auch von Ihnen gute Ideen kommen werden!<\/p>\n<p>IdeaScale ist ein Unternehmen, das sich auf Fernarbeit spezialisiert hat und im Raum Washington, DC arbeitet. Wenn Sie sich f\u00fcr eine unserer offenen Stellen bewerben m\u00f6chten, folgen Sie uns bitte auf <a href=\"https:\/\/www.linkedin.com\/company\/ideascale\/\" target=\"_blank\" rel=\"noopener noreferrer\">Linkedin<\/a>, um \u00fcber unsere aktuellen Stellenangebote auf dem Laufenden zu bleiben.<\/p>\n<\/div><div class=\"fusion-text fusion-text-2\"><p><a href=\"https:\/\/www.linkedin.com\/company\/ideascale\/jobs\/\" target=\"_blank\" rel=\"noopener\">Erkunden Sie hier Ihre Besch\u00e4ftigungsm\u00f6glichkeiten  &gt;<\/a><\/p>\n<\/div><\/div><\/div><div class=\"fusion-layout-column fusion_builder_column_inner fusion-builder-nested-column-1 fusion_builder_column_inner_1_2 1_2 fusion-flex-column fusion-flex-align-self-center\" style=\"--awb-bg-size:cover;--awb-width-large:50%;--awb-margin-top-large:0px;--awb-spacing-right-large:3.84%;--awb-margin-bottom-large:0px;--awb-spacing-left-large:3.84%;--awb-width-medium:50%;--awb-order-medium:0;--awb-spacing-right-medium:3.84%;--awb-spacing-left-medium:3.84%;--awb-width-small:100%;--awb-order-small:0;--awb-spacing-right-small:1.92%;--awb-spacing-left-small:1.92%;\"><div class=\"fusion-column-wrapper fusion-column-has-shadow fusion-flex-justify-content-center fusion-content-layout-column\"><div class=\"fusion-image-element \" style=\"text-align:right;--awb-mask-url: url(https:\/\/ideascale.com\/wp-content\/plugins\/fusion-builder\/\/assets\/images\/masks\/mask-17.svg);--awb-mask-size: cover;--awb-caption-title-font-family:var(--h2_typography-font-family);--awb-caption-title-font-weight:var(--h2_typography-font-weight);--awb-caption-title-font-style:var(--h2_typography-font-style);--awb-caption-title-size:var(--h2_typography-font-size);--awb-caption-title-transform:var(--h2_typography-text-transform);--awb-caption-title-line-height:var(--h2_typography-line-height);--awb-caption-title-letter-spacing:var(--h2_typography-letter-spacing);\"><span class=\" fusion-imageframe imageframe-none imageframe-1 hover-type-none has-mask\"><img decoding=\"async\" width=\"996\" height=\"664\" alt=\"Join IdeaScale Team\" title=\"join-ideascale-team\" src=\"https:\/\/ideascale.com\/wp-content\/uploads\/2022\/08\/join-ideascale-team.webp\" data-orig-src=\"https:\/\/ideascale.com\/wp-content\/uploads\/2022\/08\/join-ideascale-team.webp\" class=\"lazyload img-responsive wp-image-89880\" srcset=\"data:image\/svg+xml,%3Csvg%20xmlns%3D%27http%3A%2F%2Fwww.w3.org%2F2000%2Fsvg%27%20width%3D%27996%27%20height%3D%27664%27%20viewBox%3D%270%200%20996%20664%27%3E%3Crect%20width%3D%27996%27%20height%3D%27664%27%20fill-opacity%3D%220%22%2F%3E%3C%2Fsvg%3E\" data-srcset=\"https:\/\/ideascale.com\/wp-content\/uploads\/2022\/08\/join-ideascale-team-200x133.webp 200w, https:\/\/ideascale.com\/wp-content\/uploads\/2022\/08\/join-ideascale-team-400x267.webp 400w, https:\/\/ideascale.com\/wp-content\/uploads\/2022\/08\/join-ideascale-team-600x400.webp 600w, https:\/\/ideascale.com\/wp-content\/uploads\/2022\/08\/join-ideascale-team-800x533.webp 800w, https:\/\/ideascale.com\/wp-content\/uploads\/2022\/08\/join-ideascale-team.webp 996w\" data-sizes=\"auto\" data-orig-sizes=\"(max-width: 640px) 100vw, 600px\" \/><\/span><\/div><\/div><\/div><\/div><\/div><\/div><\/div><\/div>\n","protected":false},"excerpt":{"rendered":"","protected":false},"author":69,"featured_media":0,"parent":0,"menu_order":0,"comment_status":"closed","ping_status":"closed","template":"100-width.php","meta":{"footnotes":""},"class_list":["post-69135","page","type-page","status-publish","hentry"],"yoast_head":"<!-- This site is optimized with the Yoast SEO plugin v27.2 - https:\/\/yoast.com\/product\/yoast-seo-wordpress\/ -->\n<title>Karriere - IdeaScale<\/title>\n<meta name=\"description\" content=\"IdeaScale-Karrieren: IdeaScale ist stolz auf sein einzigartiges Leistungspaket und eine Atmosph\u00e4re der Zusammenarbeit und Freude.\" \/>\n<meta name=\"robots\" content=\"index, follow, max-snippet:-1, max-image-preview:large, max-video-preview:-1\" \/>\n<link rel=\"canonical\" href=\"https:\/\/ideascale.com\/de\/ideascale-karriere\/\" \/>\n<meta property=\"og:locale\" content=\"de_DE\" \/>\n<meta property=\"og:type\" content=\"article\" \/>\n<meta property=\"og:title\" content=\"Karriere - IdeaScale\" \/>\n<meta property=\"og:description\" content=\"IdeaScale-Karrieren: IdeaScale ist stolz auf sein einzigartiges Leistungspaket und eine Atmosph\u00e4re der Zusammenarbeit und Freude.\" \/>\n<meta property=\"og:url\" content=\"https:\/\/ideascale.com\/de\/ideascale-karriere\/\" \/>\n<meta property=\"og:site_name\" content=\"IdeaScale\" \/>\n<meta property=\"article:publisher\" content=\"https:\/\/www.facebook.com\/ideascale\" \/>\n<meta property=\"article:modified_time\" content=\"2024-01-17T07:13:42+00:00\" \/>\n<meta property=\"og:image\" content=\"https:\/\/ideascale.com\/wp-content\/uploads\/2025\/07\/IdeaScale-Idea-and-Innovation-Management-Software.jpg\" \/>\n\t<meta property=\"og:image:width\" content=\"1280\" \/>\n\t<meta property=\"og:image:height\" content=\"720\" \/>\n\t<meta property=\"og:image:type\" content=\"image\/jpeg\" \/>\n<meta name=\"twitter:card\" content=\"summary_large_image\" \/>\n<meta name=\"twitter:site\" content=\"@ideascale\" \/>\n<meta name=\"twitter:label1\" content=\"Gesch\u00e4tzte Lesezeit\" \/>\n\t<meta name=\"twitter:data1\" content=\"6\u00a0Minuten\" \/>\n<script type=\"application\/ld+json\" class=\"yoast-schema-graph\">{\"@context\":\"https:\/\/schema.org\",\"@graph\":[{\"@type\":\"WebPage\",\"@id\":\"https:\/\/ideascale.com\/de\/ideascale-karriere\/\",\"url\":\"https:\/\/ideascale.com\/de\/ideascale-karriere\/\",\"name\":\"Karriere - IdeaScale\",\"isPartOf\":{\"@id\":\"http:\/\/ideascale.com\/de\/#website\"},\"datePublished\":\"2022-08-18T18:28:23+00:00\",\"dateModified\":\"2024-01-17T07:13:42+00:00\",\"description\":\"IdeaScale-Karrieren: IdeaScale ist stolz auf sein einzigartiges Leistungspaket und eine Atmosph\u00e4re der Zusammenarbeit und Freude.\",\"inLanguage\":\"de\",\"potentialAction\":[{\"@type\":\"ReadAction\",\"target\":[\"https:\/\/ideascale.com\/de\/ideascale-karriere\/\"]}]},{\"@type\":\"WebSite\",\"@id\":\"http:\/\/ideascale.com\/de\/#website\",\"url\":\"http:\/\/ideascale.com\/de\/\",\"name\":\"IdeaScale\",\"description\":\"Enterprise Innovation Management Software\",\"publisher\":{\"@id\":\"http:\/\/ideascale.com\/de\/#organization\"},\"potentialAction\":[{\"@type\":\"SearchAction\",\"target\":{\"@type\":\"EntryPoint\",\"urlTemplate\":\"http:\/\/ideascale.com\/de\/?s={search_term_string}\"},\"query-input\":{\"@type\":\"PropertyValueSpecification\",\"valueRequired\":true,\"valueName\":\"search_term_string\"}}],\"inLanguage\":\"de\"},{\"@type\":\"Organization\",\"@id\":\"http:\/\/ideascale.com\/de\/#organization\",\"name\":\"IdeaScale\",\"url\":\"http:\/\/ideascale.com\/de\/\",\"logo\":{\"@type\":\"ImageObject\",\"inLanguage\":\"de\",\"@id\":\"http:\/\/ideascale.com\/de\/#\/schema\/logo\/image\/\",\"url\":\"https:\/\/ideascale.com\/wp-content\/uploads\/2024\/10\/IdeaScale-Logo.png\",\"contentUrl\":\"https:\/\/ideascale.com\/wp-content\/uploads\/2024\/10\/IdeaScale-Logo.png\",\"width\":696,\"height\":696,\"caption\":\"IdeaScale\"},\"image\":{\"@id\":\"http:\/\/ideascale.com\/de\/#\/schema\/logo\/image\/\"},\"sameAs\":[\"https:\/\/www.facebook.com\/ideascale\",\"https:\/\/x.com\/ideascale\",\"https:\/\/www.instagram.com\/ideascale\/\",\"https:\/\/www.linkedin.com\/company\/ideascale\/\",\"https:\/\/www.youtube.com\/@Ideascalesolution\"]}]}<\/script>\n<!-- \/ Yoast SEO plugin. -->","yoast_head_json":{"title":"Karriere - IdeaScale","description":"IdeaScale-Karrieren: IdeaScale ist stolz auf sein einzigartiges Leistungspaket und eine Atmosph\u00e4re der Zusammenarbeit und Freude.","robots":{"index":"index","follow":"follow","max-snippet":"max-snippet:-1","max-image-preview":"max-image-preview:large","max-video-preview":"max-video-preview:-1"},"canonical":"https:\/\/ideascale.com\/de\/ideascale-karriere\/","og_locale":"de_DE","og_type":"article","og_title":"Karriere - IdeaScale","og_description":"IdeaScale-Karrieren: IdeaScale ist stolz auf sein einzigartiges Leistungspaket und eine Atmosph\u00e4re der Zusammenarbeit und Freude.","og_url":"https:\/\/ideascale.com\/de\/ideascale-karriere\/","og_site_name":"IdeaScale","article_publisher":"https:\/\/www.facebook.com\/ideascale","article_modified_time":"2024-01-17T07:13:42+00:00","og_image":[{"width":1280,"height":720,"url":"https:\/\/ideascale.com\/wp-content\/uploads\/2025\/07\/IdeaScale-Idea-and-Innovation-Management-Software.jpg","type":"image\/jpeg"}],"twitter_card":"summary_large_image","twitter_site":"@ideascale","twitter_misc":{"Gesch\u00e4tzte Lesezeit":"6\u00a0Minuten"},"schema":{"@context":"https:\/\/schema.org","@graph":[{"@type":"WebPage","@id":"https:\/\/ideascale.com\/de\/ideascale-karriere\/","url":"https:\/\/ideascale.com\/de\/ideascale-karriere\/","name":"Karriere - IdeaScale","isPartOf":{"@id":"http:\/\/ideascale.com\/de\/#website"},"datePublished":"2022-08-18T18:28:23+00:00","dateModified":"2024-01-17T07:13:42+00:00","description":"IdeaScale-Karrieren: IdeaScale ist stolz auf sein einzigartiges Leistungspaket und eine Atmosph\u00e4re der Zusammenarbeit und Freude.","inLanguage":"de","potentialAction":[{"@type":"ReadAction","target":["https:\/\/ideascale.com\/de\/ideascale-karriere\/"]}]},{"@type":"WebSite","@id":"http:\/\/ideascale.com\/de\/#website","url":"http:\/\/ideascale.com\/de\/","name":"IdeaScale","description":"Enterprise Innovation Management Software","publisher":{"@id":"http:\/\/ideascale.com\/de\/#organization"},"potentialAction":[{"@type":"SearchAction","target":{"@type":"EntryPoint","urlTemplate":"http:\/\/ideascale.com\/de\/?s={search_term_string}"},"query-input":{"@type":"PropertyValueSpecification","valueRequired":true,"valueName":"search_term_string"}}],"inLanguage":"de"},{"@type":"Organization","@id":"http:\/\/ideascale.com\/de\/#organization","name":"IdeaScale","url":"http:\/\/ideascale.com\/de\/","logo":{"@type":"ImageObject","inLanguage":"de","@id":"http:\/\/ideascale.com\/de\/#\/schema\/logo\/image\/","url":"https:\/\/ideascale.com\/wp-content\/uploads\/2024\/10\/IdeaScale-Logo.png","contentUrl":"https:\/\/ideascale.com\/wp-content\/uploads\/2024\/10\/IdeaScale-Logo.png","width":696,"height":696,"caption":"IdeaScale"},"image":{"@id":"http:\/\/ideascale.com\/de\/#\/schema\/logo\/image\/"},"sameAs":["https:\/\/www.facebook.com\/ideascale","https:\/\/x.com\/ideascale","https:\/\/www.instagram.com\/ideascale\/","https:\/\/www.linkedin.com\/company\/ideascale\/","https:\/\/www.youtube.com\/@Ideascalesolution"]}]}},"_links":{"self":[{"href":"https:\/\/ideascale.com\/de\/wp-json\/wp\/v2\/pages\/69135","targetHints":{"allow":["GET"]}}],"collection":[{"href":"https:\/\/ideascale.com\/de\/wp-json\/wp\/v2\/pages"}],"about":[{"href":"https:\/\/ideascale.com\/de\/wp-json\/wp\/v2\/types\/page"}],"author":[{"embeddable":true,"href":"https:\/\/ideascale.com\/de\/wp-json\/wp\/v2\/users\/69"}],"replies":[{"embeddable":true,"href":"https:\/\/ideascale.com\/de\/wp-json\/wp\/v2\/comments?post=69135"}],"version-history":[{"count":0,"href":"https:\/\/ideascale.com\/de\/wp-json\/wp\/v2\/pages\/69135\/revisions"}],"wp:attachment":[{"href":"https:\/\/ideascale.com\/de\/wp-json\/wp\/v2\/media?parent=69135"}],"curies":[{"name":"wp","href":"https:\/\/api.w.org\/{rel}","templated":true}]}}